{"id":2108,"date":"2022-01-20T09:24:25","date_gmt":"2022-01-20T07:24:25","guid":{"rendered":"https:\/\/erdelyivakiskola.org\/?post_type=product&#038;p=2108"},"modified":"2026-04-15T03:18:16","modified_gmt":"2026-04-15T01:18:16","slug":"magyar-keramia-disztanyer-erdely-cimerevel","status":"publish","type":"product","link":"https:\/\/erdelyivakiskola.org\/ro\/product\/magyar-keramia-disztanyer-erdely-cimerevel\/","title":{"rendered":"Ceramic decorative plate with Transylvanian coat of arms"},"content":{"rendered":"<p>The work of L\u00e1szl\u00f3 J\u00f3zsa, master potter from Korond (Transilvania).<\/p>\n<p>In addition to traditional Korondi ceramics, he also makes unique innovations, from miniature pots (0.5 millimetres) to floor vases of 1.80 metres. His tiled stoves have been exported to Bucharest, Hungary and Germany. His pots are painted by his wife, M\u00e1rta J\u00f3zsa. His needle-engraved lace patterned plates stand alone.<\/p>\n<p>He is a founding member of the Firtos Cultural Association and the Korondi Pottery Association.<\/p>\n<p>This ceramic decorative plate is 21 cm in diameter, with traditional Korondi motifs and colours, and with the Transylvanian coat of arms in the centre.<\/p>\n<p>We are happy to recommend it to everyone.<\/p>\n<p>Use it in good health!<\/p>\n<p>(Photos by B\u00e1lint El\u0151d Erd\u00e9ly, photographer)<\/p>\n","protected":false},"featured_media":2109,"template":"","class_list":["post-2108","product","type-product","status-publish","has-post-thumbnail","hentry"],"acf":[],"_links":{"self":[{"href":"https:\/\/erdelyivakiskola.org\/ro\/wp-json\/wp\/v2\/product\/2108","targetHints":{"allow":["GET"]}}],"collection":[{"href":"https:\/\/erdelyivakiskola.org\/ro\/wp-json\/wp\/v2\/product"}],"about":[{"href":"https:\/\/erdelyivakiskola.org\/ro\/wp-json\/wp\/v2\/types\/product"}],"wp:featuredmedia":[{"embeddable":true,"href":"https:\/\/erdelyivakiskola.org\/ro\/wp-json\/wp\/v2\/media\/2109"}],"wp:attachment":[{"href":"https:\/\/erdelyivakiskola.org\/ro\/wp-json\/wp\/v2\/media?parent=2108"}],"curies":[{"name":"wp","href":"https:\/\/api.w.org\/{rel}","templated":true}]}}