{"id":2094,"date":"2022-01-17T10:54:51","date_gmt":"2022-01-17T08:54:51","guid":{"rendered":"https:\/\/erdelyivakiskola.org\/?post_type=product&#038;p=2094"},"modified":"2026-04-15T20:22:07","modified_gmt":"2026-04-15T18:22:07","slug":"magyar-jozsa-laszlo-zold-diszcsempeje","status":"publish","type":"product","link":"https:\/\/erdelyivakiskola.org\/ro\/product\/magyar-jozsa-laszlo-zold-diszcsempeje\/","title":{"rendered":"L\u00e1szl\u00f3 J\u00f3zsa&#8217;s green decorative tiles"},"content":{"rendered":"<p>The work of L\u00e1szl\u00f3 J\u00f3zsa, master potter from Korond, was born on 4 August 1960 in Korond. He graduated from schools in Korond and Odorheiu Secuiesc, as a pupil of Imre S\u00e1nta. He worked in the Harghita Art Workshop in Cs\u00edkszereda, and later he worked in the Consumption Cooperative in Sz\u00e9kelykereszt\u00far. He studied pottery from S\u00e1ndor M\u00e1th\u00e9 and Imre F\u00e1bi\u00e1n.<\/p>\n<p>In addition to traditional Korondi ceramics, he makes unique innovations, from miniature pots (0.5 mm) to 1.80 m floor vases. His tiled stoves have been exported to Bucharest, Hungary and Germany. His pots are painted by his wife, M\u00e1rta J\u00f3zsa. His needle-engraved lace patterned plates stand alone.<\/p>\n<p>He is a founding member of the Firtos Cultural Association and the Korondi Pottery Association.<\/p>\n<p>The green painted and enamelled decorative tiles are 16 cm high, 16 cm wide and 1 cm thick. The piece was an old exhibition piece, but is in excellent condition<\/p>\n<p>We recommend it to everyone, it can be a decoration for any style of home.<\/p>\n<p>Use it in good health!<\/p>\n<p>(Photos by B\u00e1lint Erd\u00e9ly, photographer)<\/p>\n<p>Translated with www.DeepL.com\/Translator (free version)<\/p>\n","protected":false},"featured_media":2095,"template":"","class_list":["post-2094","product","type-product","status-publish","has-post-thumbnail","hentry"],"acf":[],"_links":{"self":[{"href":"https:\/\/erdelyivakiskola.org\/ro\/wp-json\/wp\/v2\/product\/2094","targetHints":{"allow":["GET"]}}],"collection":[{"href":"https:\/\/erdelyivakiskola.org\/ro\/wp-json\/wp\/v2\/product"}],"about":[{"href":"https:\/\/erdelyivakiskola.org\/ro\/wp-json\/wp\/v2\/types\/product"}],"wp:featuredmedia":[{"embeddable":true,"href":"https:\/\/erdelyivakiskola.org\/ro\/wp-json\/wp\/v2\/media\/2095"}],"wp:attachment":[{"href":"https:\/\/erdelyivakiskola.org\/ro\/wp-json\/wp\/v2\/media?parent=2094"}],"curies":[{"name":"wp","href":"https:\/\/api.w.org\/{rel}","templated":true}]}}