{"id":2032,"date":"2022-01-11T11:21:46","date_gmt":"2022-01-11T09:21:46","guid":{"rendered":"https:\/\/erdelyivakiskola.org\/?post_type=product&#038;p=2032"},"modified":"2026-03-17T09:59:59","modified_gmt":"2026-03-17T07:59:59","slug":"magyar-emlekplakett-lux-adam-szinesztol","status":"publish","type":"product","link":"https:\/\/erdelyivakiskola.org\/ro\/product\/magyar-emlekplakett-lux-adam-szinesztol\/","title":{"rendered":"Plac\u0103 comemorativ\u0103 a actorului Adam Lux"},"content":{"rendered":"<p>Placa comemorativ\u0103 a fost f\u0103cut\u0103 cu ocazia celei de-a 600-a reprezenta\u021bii a spectacolului &#8222;Mansarda&#8221;, din 16 octombrie 2005. Placa m\u0103soar\u0103 17X 21 cm, inclusiv rama. Placheta comemorativ\u0103 are o ram\u0103 neagr\u0103 cu inscrip\u021bia. &#8222;Pentru \u00c1d\u00e1m Lux cu dragoste&#8221;, semnat\u0103 de G\u00e1bor Presser, Dus\u00e1n Sztevanovity \u0219i P\u00e9ter Horv\u00e1th.<\/p>\n<p>Padl\u00e1s este un basm pe jum\u0103tate basm &#8211; jum\u0103tate musical de G\u00e1bor Presser, Dus\u00e1n Sztevanovity \u0219i P\u00e9ter Horv\u00e1th. Premiera a avut loc la 27 ianuarie 1988 la teatrul V\u00edgsz\u00ednh\u00e1z, \u00een regia lui L\u00e1szl\u00f3 Marton, unde a fost jucat\u0103 de atunci cu un succes ne\u00eentrerupt. Spune povestea unei spargeri, a doi tineri \u00eendr\u0103gosti\u021bi \u0219i a patru fantome \u00een c\u0103utarea vie\u021bii dupa moarte. De la premiera sa, piesa a fost jucat\u0103 \u00een multe alte teatre. La V\u00edgsz\u00ednh\u00e1z din Budapesta, produc\u021bia a avut peste 1.000 de reprezenta\u021bii cu mare succes.<\/p>\n<p>Placheta \u00een sine are o valoare intangibila, iar semn\u0103tura autorilor spectacolului Padl\u00e1s &#8211; G\u00e1bor Presser, Dus\u00e1n Sztevanovity \u0219i P\u00e9ter Horv\u00e1th se mareste aceast\u0103 valoare.<\/p>\n<p>O recomand\u0103m tuturor iubitorilor \u0219i consumatorilor de cultur\u0103.<\/p>\n<p>&nbsp;<\/p>\n<p>(Fotografii realizate de B\u00e1lint El\u0151d Erd\u00e9ly, fotograf)<\/p>\n<p><\/p>","protected":false},"featured_media":2033,"template":"","class_list":["post-2032","product","type-product","status-publish","has-post-thumbnail","hentry"],"acf":[],"_links":{"self":[{"href":"https:\/\/erdelyivakiskola.org\/ro\/wp-json\/wp\/v2\/product\/2032","targetHints":{"allow":["GET"]}}],"collection":[{"href":"https:\/\/erdelyivakiskola.org\/ro\/wp-json\/wp\/v2\/product"}],"about":[{"href":"https:\/\/erdelyivakiskola.org\/ro\/wp-json\/wp\/v2\/types\/product"}],"wp:featuredmedia":[{"embeddable":true,"href":"https:\/\/erdelyivakiskola.org\/ro\/wp-json\/wp\/v2\/media\/2033"}],"wp:attachment":[{"href":"https:\/\/erdelyivakiskola.org\/ro\/wp-json\/wp\/v2\/media?parent=2032"}],"curies":[{"name":"wp","href":"https:\/\/api.w.org\/{rel}","templated":true}]}}