{"id":1990,"date":"2021-12-15T10:52:34","date_gmt":"2021-12-15T08:52:34","guid":{"rendered":"https:\/\/erdelyivakiskola.org\/?post_type=product&#038;p=1990"},"modified":"2026-04-30T09:18:37","modified_gmt":"2026-04-30T07:18:37","slug":"magyar-korondi-szasz-mintas-keramia-tanyer","status":"publish","type":"product","link":"https:\/\/erdelyivakiskola.org\/ro\/product\/magyar-korondi-szasz-mintas-keramia-tanyer\/","title":{"rendered":"Korondi ceramic plate with Saxon pattern"},"content":{"rendered":"<p>Ceramic decorative plate with a Saxon pattern from Korond (Transilvania), another work by Mih\u00e1ly V\u00e9szti Ily\u00e9s, master potter from Korond. Twice-fired, hand-drawn, handcrafted work of art. Environmentally friendly, the paint used to decorate the plate does not contain lead.<\/p>\n<p>The decorative plate can be hung on the wall and measures 23.5 cm in diameter.<\/p>\n<p>Make it an ornament of your house!<\/p>\n<p>(Photos by B\u00e1lint El\u0151d Erd\u00e9ly, photographer.)<\/p>\n","protected":false},"featured_media":1993,"template":"","class_list":["post-1990","product","type-product","status-publish","has-post-thumbnail","hentry"],"acf":[],"_links":{"self":[{"href":"https:\/\/erdelyivakiskola.org\/ro\/wp-json\/wp\/v2\/product\/1990","targetHints":{"allow":["GET"]}}],"collection":[{"href":"https:\/\/erdelyivakiskola.org\/ro\/wp-json\/wp\/v2\/product"}],"about":[{"href":"https:\/\/erdelyivakiskola.org\/ro\/wp-json\/wp\/v2\/types\/product"}],"wp:featuredmedia":[{"embeddable":true,"href":"https:\/\/erdelyivakiskola.org\/ro\/wp-json\/wp\/v2\/media\/1993"}],"wp:attachment":[{"href":"https:\/\/erdelyivakiskola.org\/ro\/wp-json\/wp\/v2\/media?parent=1990"}],"curies":[{"name":"wp","href":"https:\/\/api.w.org\/{rel}","templated":true}]}}