{"id":1859,"date":"2021-12-13T14:57:58","date_gmt":"2021-12-13T12:57:58","guid":{"rendered":"https:\/\/erdelyivakiskola.org\/?post_type=product&#038;p=1859"},"modified":"2026-04-16T23:21:00","modified_gmt":"2026-04-16T21:21:00","slug":"magyar-aragonit-medal-ezust-2","status":"publish","type":"product","link":"https:\/\/erdelyivakiskola.org\/ro\/product\/magyar-aragonit-medal-ezust-2\/","title":{"rendered":"Light grey aragonite pendant"},"content":{"rendered":"<p>Irregular teardrop shaped pendant in light grey &#8211; brownish grey shade. Length 20 mm, width 17 mm, thickness 3 mm. The semi-precious stone is irregularly veined with dark grey and brown tones. The aragonite has a silver clasp. It took 5 hours to make, from shaping the stone to attaching the silver clasp. The semi-precious stone is entirely handmade, polished in several stages by blind and partially sighted adults.<\/p>\n<p>(Photos by Erd\u00e9ly B\u00e1lint El\u0151d photographer)<\/p>\n","protected":false},"featured_media":1861,"template":"","class_list":["post-1859","product","type-product","status-publish","has-post-thumbnail","hentry"],"acf":[],"_links":{"self":[{"href":"https:\/\/erdelyivakiskola.org\/ro\/wp-json\/wp\/v2\/product\/1859","targetHints":{"allow":["GET"]}}],"collection":[{"href":"https:\/\/erdelyivakiskola.org\/ro\/wp-json\/wp\/v2\/product"}],"about":[{"href":"https:\/\/erdelyivakiskola.org\/ro\/wp-json\/wp\/v2\/types\/product"}],"wp:featuredmedia":[{"embeddable":true,"href":"https:\/\/erdelyivakiskola.org\/ro\/wp-json\/wp\/v2\/media\/1861"}],"wp:attachment":[{"href":"https:\/\/erdelyivakiskola.org\/ro\/wp-json\/wp\/v2\/media?parent=1859"}],"curies":[{"name":"wp","href":"https:\/\/api.w.org\/{rel}","templated":true}]}}