{"id":1852,"date":"2021-12-13T14:36:17","date_gmt":"2021-12-13T12:36:17","guid":{"rendered":"https:\/\/erdelyivakiskola.org\/?post_type=product&#038;p=1852"},"modified":"2022-08-16T19:13:15","modified_gmt":"2022-08-16T17:13:15","slug":"1852","status":"publish","type":"product","link":"https:\/\/erdelyivakiskola.org\/ro\/product\/1852\/","title":{"rendered":"Aragonit \u00een bronz"},"content":{"rendered":"<p>Pandantiv \u00een form\u0103 de pic\u0103tur\u0103, cu un ton predominant \u00eenchis. Lungime, inclusiv montura, 30 mm, l\u0103\u021bime 22 mm, grosime 5 mm. Pandantivul are form\u0103 de pic\u0103tur\u0103, cu un filon predominant gri \u00eenchis, ca o perdea, iar treimea inferioar\u0103 a bijuteriei este gri deschis. Aragonitul este \u00eencrustat \u00een bronz, iar bijuteria prezint\u0103, de asemenea, nuan\u021be de ro\u0219u purpuriu atunci c\u00e2nd este expus\u0103 la lumin\u0103. A durat 6 ore de munc\u0103, de la modelarea pietrei p\u00e2n\u0103 la montarea \u00eencastr\u0103rii. Piatra semipre\u021bioas\u0103 este realizat\u0103 \u00een \u00eentregime manual \u0219i a fost \u0219lefuit\u0103 \u00een mai multe etape de c\u0103tre persoane cu deficien\u021be de vedere.<\/p>","protected":false},"featured_media":1855,"template":"","class_list":["post-1852","product","type-product","status-publish","has-post-thumbnail","hentry"],"acf":[],"_links":{"self":[{"href":"https:\/\/erdelyivakiskola.org\/ro\/wp-json\/wp\/v2\/product\/1852","targetHints":{"allow":["GET"]}}],"collection":[{"href":"https:\/\/erdelyivakiskola.org\/ro\/wp-json\/wp\/v2\/product"}],"about":[{"href":"https:\/\/erdelyivakiskola.org\/ro\/wp-json\/wp\/v2\/types\/product"}],"wp:featuredmedia":[{"embeddable":true,"href":"https:\/\/erdelyivakiskola.org\/ro\/wp-json\/wp\/v2\/media\/1855"}],"wp:attachment":[{"href":"https:\/\/erdelyivakiskola.org\/ro\/wp-json\/wp\/v2\/media?parent=1852"}],"curies":[{"name":"wp","href":"https:\/\/api.w.org\/{rel}","templated":true}]}}