{"id":925,"date":"2020-12-18T09:44:35","date_gmt":"2020-12-18T07:44:35","guid":{"rendered":"https:\/\/erdelyivakiskola.org\/?page_id=925"},"modified":"2023-02-21T10:52:39","modified_gmt":"2023-02-21T08:52:39","slug":"donation-description","status":"publish","type":"page","link":"https:\/\/erdelyivakiskola.org\/ro\/donation-description\/","title":{"rendered":"Despre dona\u021bie"},"content":{"rendered":"<p><\/p>\n<h5 class=\"p1\"><strong>De ce copiii cu deficien\u021be de vedere au nevoie de o institu\u021bie de \u00eenv\u0103\u021b\u0103m\u00e2nt cu predare \u00een limba maghiar\u0103? Pentru c\u0103 nu exist\u0103 \u0219i copiii no\u0219tri au nevoie de ea!<\/strong><\/h5>\n<h5 class=\"p1\"><strong>De ce avem nevoie de un centru de reabilitare pentru adul\u021bii cu deficien\u021be de vedere? Pentru c\u0103 nu exist\u0103 \u0219i adul\u021bii cu deficien\u021be de vedere au nevoie de el!<\/strong><\/h5>\n<p class=\"p1\"><strong>Funda\u021bia Pentru Nev\u0103z\u0103tori Maghiari Din Ardeal<\/strong> lucreaz\u0103 pentru persoanele cu deficien\u021be de vedere de etnie<span class=\"Apple-converted-space\">\u00a0 <\/span>maghiar\u0103 care locuiesc \u00een Rom\u00e2nia. Lucr\u0103m la \u00eenfiin\u021barea unei institu\u021bii de \u00eenv\u0103\u021b\u0103m\u00e2nt reziden\u021bial cu predare \u00een limba maghiar\u0103 \u0219i a unui centru de reabilitare elementar\u0103. Acum pute\u021bi contribui la realizarea acestei nobile cauze.<\/p>\n<p><iframe loading=\"lazy\" src=\"https:\/\/www.youtube.com\/embed\/9IPwLSH8WnE\" width=\"560\" height=\"315\" frameborder=\"0\" allowfullscreen=\"allowfullscreen\" data-mce-fragment=\"1\"><\/iframe><\/p>\n<p>&nbsp;<\/p>\n<p><strong>O etap\u0103 important\u0103 pentru nev\u0103z\u0103torii \u0219i persoanele cu deficien\u021be de vedere maghiari din Ardeal!<\/strong><\/p>\n<p><em><a class=\"verset-content popover-active\" tabindex=\"0\" title=\"\" data-placement=\"left\" data-content=\"...\" data-container=\"li#verset_2-corinteni_9_8\" data-original-title=\"\" aria-describedby=\"popover309811\"><span id=\"verset-8\"><span class=\"continut-verset resized-text\">&#8222;\u015ei Dumnezeu poate\u00a0s\u0103 v\u0103 umple cu orice har, pentru ca, av\u00e2nd totdeauna \u00een toate lucrurile din destul, s\u0103 prisosi\u0163i \u00een orice fapt\u0103 bun\u0103&#8221; 2 Cor. 9:8<\/span><\/span><\/a><\/em><\/p>\n<p>Din 2018, Funda\u021bia Pentru Nev\u0103z\u0103tori Maghiari Din Ardeal lucreaz\u0103 pentru a relansa Institutul Na\u021bional pentru Nev\u0103z\u0103tori din Cluj-Napoca (cunoscut oficial sub numele de Institutul Na\u021bional pentru Nev\u0103z\u0103tori Asista\u021bi de Stat din Cluj-Napoca), care a fost \u00eenchis \u00een 1920, \u0219i pentru a crea un centru institu\u021bionalizat de reabilitare elementar\u0103 pentru persoanele care \u0219i-au pierdut vederea la v\u00e2rsta adult\u0103. \u00cen septembrie 2021, cu finan\u021bare din partea Guvernului Ungariei, prin intermediul Eparhia Reformat\u0103 din Ardeal, a fost finalizat\u0103 achizi\u021bia propriet\u0103\u021bilor vizate, care vor fi renovate func\u021bional, echipate, \u00eentre\u021binute, modernizate \u0219i operate, iar noile cl\u0103diri vor fi construite de c\u0103tre Funda\u021bia noastr\u0103.<\/p>\n<p><a href=\"https:\/\/erdelyivakiskola.org\/wp-content\/uploads\/2021\/11\/257940606_591303025411148_8584642544702865648_n.jpg\"><img loading=\"lazy\" decoding=\"async\" class=\"alignnone wp-image-1722 \" src=\"https:\/\/erdelyivakiskola.org\/wp-content\/uploads\/2021\/11\/257940606_591303025411148_8584642544702865648_n-215x300.jpg\" alt=\"Statutul Centrului Bartimeus\" width=\"278\" height=\"388\" srcset=\"https:\/\/erdelyivakiskola.org\/wp-content\/uploads\/2021\/11\/257940606_591303025411148_8584642544702865648_n-215x300.jpg 215w, https:\/\/erdelyivakiskola.org\/wp-content\/uploads\/2021\/11\/257940606_591303025411148_8584642544702865648_n.jpg 577w\" sizes=\"auto, (max-width: 278px) 100vw, 278px\" \/><\/a>\u00a0 <a href=\"https:\/\/erdelyivakiskola.org\/wp-content\/uploads\/2021\/11\/borito7-2-scaled-1-scaled.jpg\"><img loading=\"lazy\" decoding=\"async\" class=\"alignnone wp-image-1723 \" src=\"https:\/\/erdelyivakiskola.org\/wp-content\/uploads\/2021\/11\/borito7-2-scaled-1-300x200.jpg\" alt=\"Ceremonia de \u00eenm\u00e2nare a Statutului\" width=\"583\" height=\"388\" srcset=\"https:\/\/erdelyivakiskola.org\/wp-content\/uploads\/2021\/11\/borito7-2-scaled-1-300x200.jpg 300w, https:\/\/erdelyivakiskola.org\/wp-content\/uploads\/2021\/11\/borito7-2-scaled-1-1024x683.jpg 1024w, https:\/\/erdelyivakiskola.org\/wp-content\/uploads\/2021\/11\/borito7-2-scaled-1-768x512.jpg 768w, https:\/\/erdelyivakiskola.org\/wp-content\/uploads\/2021\/11\/borito7-2-scaled-1-1536x1024.jpg 1536w, https:\/\/erdelyivakiskola.org\/wp-content\/uploads\/2021\/11\/borito7-2-scaled-1-2048x1365.jpg 2048w\" sizes=\"auto, (max-width: 583px) 100vw, 583px\" \/><\/a><\/p>\n<p>Dup\u0103 <a href=\"https:\/\/erdelyivakiskola.org\/ro\/magyar-a-bartimeus-kozpont\/\">inaugurarea<\/a> din 18 noiembrie 2021, am \u00eenceput s\u0103 lucr\u0103m la conceptul de dezvoltare, implic\u00e2nd un specialist \u00een energie pentru cl\u0103diri, un arhitect \u0219i un antreprenor. Costurile pentru conversia \u0219i construc\u021bia cl\u0103dirilor sunt realiste, iar sumele aferente altor cheltuieli preconizate sunt bine g\u00e2ndite \u0219i justificabile. Un aspect important al conceptului nostru a fost acela de a efectua doar renov\u0103rile \u0219i investi\u021biile necesare pentru a \u00eencepe c\u00e2t mai cur\u00e2nd posibil \u00eenv\u0103\u021b\u0103m\u00e2ntul special \u00een limba maghiar\u0103 pentru copii \u00een cl\u0103dirile existente \u0219i \u00een cele noi. Prin urmare, \u00eembun\u0103t\u0103\u021birile \u0219i investi\u021biile enumerate mai jos sunt indispensabile pentru func\u021bionarea legal\u0103 \u0219i sigur\u0103 a centrului de \u00eenv\u0103\u021b\u0103m\u00e2nt special, pe de o parte, \u0219i pentru ra\u021bionalizarea costurilor de func\u021bionare, pe de alt\u0103 parte.<\/p>\n<p>\u00cen prima faz\u0103, inten\u021bion\u0103m s\u0103 renov\u0103m \u0219i s\u0103 transform\u0103m <strong>cl\u0103direa principal\u0103<\/strong>. Aceast\u0103 cl\u0103dire va g\u0103zdui copii cu deficien\u021be de vedere, profesori invita\u021bi \u0219i profesioni\u0219ti, \u00een func\u021bie de necesit\u0103\u021bi. Anterior, pl\u0103nuisem s\u0103 construim s\u0103li de clas\u0103 \u00een aceea\u0219i cl\u0103dire, dar legisla\u021bia relevant\u0103 \u0219i caracteristicile cl\u0103dirii nu permit acest lucru. Prin urmare, pe terenul disponibil vor fi construite o cl\u0103dire pentru scoal\u0103 special\u0103 \u0219i o sal\u0103 de sport special\u0103. Proiectarea conceptual\u0103 a cl\u0103dirilor a fost finalizat\u0103, iar siguran\u021ba, utilizabilitate \u0219i rentabilitatea au fost principalele considerente \u00een procesul de proiectare.<\/p>\n<p><a href=\"https:\/\/erdelyivakiskola.org\/wp-content\/uploads\/2023\/02\/20230213-brosura-03.png\"><img loading=\"lazy\" decoding=\"async\" class=\"alignnone wp-image-2683\" src=\"https:\/\/erdelyivakiskola.org\/wp-content\/uploads\/2023\/02\/20230213-brosura-03-300x236.png\" alt=\"\" width=\"431\" height=\"339\" srcset=\"https:\/\/erdelyivakiskola.org\/wp-content\/uploads\/2023\/02\/20230213-brosura-03-300x236.png 300w, https:\/\/erdelyivakiskola.org\/wp-content\/uploads\/2023\/02\/20230213-brosura-03-1024x805.png 1024w, https:\/\/erdelyivakiskola.org\/wp-content\/uploads\/2023\/02\/20230213-brosura-03-768x604.png 768w, https:\/\/erdelyivakiskola.org\/wp-content\/uploads\/2023\/02\/20230213-brosura-03.png 1136w\" sizes=\"auto, (max-width: 431px) 100vw, 431px\" \/><\/a>\u00a0 <a href=\"https:\/\/erdelyivakiskola.org\/wp-content\/uploads\/2023\/02\/20230213-brosura-10.png\"><img loading=\"lazy\" decoding=\"async\" class=\"alignnone wp-image-2685\" src=\"https:\/\/erdelyivakiskola.org\/wp-content\/uploads\/2023\/02\/20230213-brosura-10-300x236.png\" alt=\"\" width=\"427\" height=\"336\" srcset=\"https:\/\/erdelyivakiskola.org\/wp-content\/uploads\/2023\/02\/20230213-brosura-10-300x236.png 300w, https:\/\/erdelyivakiskola.org\/wp-content\/uploads\/2023\/02\/20230213-brosura-10-1024x805.png 1024w, https:\/\/erdelyivakiskola.org\/wp-content\/uploads\/2023\/02\/20230213-brosura-10-768x603.png 768w, https:\/\/erdelyivakiskola.org\/wp-content\/uploads\/2023\/02\/20230213-brosura-10.png 1400w\" sizes=\"auto, (max-width: 427px) 100vw, 427px\" \/><\/a><\/p>\n<p>\u00cembun\u0103t\u0103\u021birile necesare pentru func\u021bionarea cl\u0103dirii, care poate g\u0103zdui p\u00e2n\u0103 la 60 de persoane \u0219i ofer\u0103 facilit\u0103\u021bi de servicii:<\/p>\n<ul>\n<li><strong>modernizarea energetic\u0103<\/strong>, care este viabil\u0103 din punct de vedere economic \u0219i se amortizeaz\u0103 pe termen scurt, folosind energie verde (panouri solare, pompe de c\u0103ldur\u0103, \u00eenlocuirea re\u021belei electrice, izolarea exterioar\u0103 a cl\u0103dirii, \u00eenlocuirea radiatoarelor). Sprijinul pentru investi\u021bia \u00een energie verde a fost oferit de o \u00eentreprindere din Odorheiu Secuiesc, v\u0103 mul\u021bumim!<\/li>\n<li><strong>moderniz\u0103ri \u0219i investi\u021bii \u00een domeniul siguran\u021bei<\/strong>: \u00een cazul cl\u0103direa principal\u0103, punerea \u00een siguran\u021b\u0103 a sc\u0103rilor, instalarea unui lift, modernizarea siguran\u021bei la incendiu, punerea \u00een siguran\u021b\u0103 a teraselor cl\u0103dirii unde este necesar \u0219i instalarea unui gard.<\/li>\n<li><strong>accesibilitatea cl\u0103dirii<\/strong> principale \u0219i a cur\u021bii interioare: ghidaje, indicatoare sonore, inscrip\u021bii mari \u0219i inscrip\u021bii \u00een Braille.<\/li>\n<li><strong>crearea de spa\u021bii comunitare<\/strong> \u0219i de joac\u0103 \u00een aer liber \u00een curte, amenajarea zonelor verzi.<\/li>\n<\/ul>\n<p>Lucr\u0103rile men\u021bionate mai sus vor costa peste 800 000 EUR.<\/p>\n<p><a href=\"https:\/\/erdelyivakiskola.org\/wp-content\/uploads\/2023\/02\/20230213-brosura-08.png\"><img loading=\"lazy\" decoding=\"async\" class=\"alignnone wp-image-2687\" src=\"https:\/\/erdelyivakiskola.org\/wp-content\/uploads\/2023\/02\/20230213-brosura-08-300x236.png\" alt=\"\" width=\"432\" height=\"340\" srcset=\"https:\/\/erdelyivakiskola.org\/wp-content\/uploads\/2023\/02\/20230213-brosura-08-300x236.png 300w, https:\/\/erdelyivakiskola.org\/wp-content\/uploads\/2023\/02\/20230213-brosura-08-768x604.png 768w, https:\/\/erdelyivakiskola.org\/wp-content\/uploads\/2023\/02\/20230213-brosura-08.png 790w\" sizes=\"auto, (max-width: 432px) 100vw, 432px\" \/><\/a>\u00a0 <a href=\"https:\/\/erdelyivakiskola.org\/wp-content\/uploads\/2023\/02\/20230213-brosura-09.png\"><img loading=\"lazy\" decoding=\"async\" class=\"alignnone wp-image-2688\" src=\"https:\/\/erdelyivakiskola.org\/wp-content\/uploads\/2023\/02\/20230213-brosura-09-300x236.png\" alt=\"\" width=\"433\" height=\"340\" srcset=\"https:\/\/erdelyivakiskola.org\/wp-content\/uploads\/2023\/02\/20230213-brosura-09-300x236.png 300w, https:\/\/erdelyivakiskola.org\/wp-content\/uploads\/2023\/02\/20230213-brosura-09.png 741w\" sizes=\"auto, (max-width: 433px) 100vw, 433px\" \/><\/a><\/p>\n<p>Dup\u0103 cum s-a men\u021bionat deja, va fi construit\u0103 <strong>o nou\u0103 cl\u0103dire \u0219colar\u0103<\/strong> pentru a servi la educa\u021bia copiilor nev\u0103z\u0103tori. \u0218i o sal\u0103 de sport multifunc\u021bional\u0103 va fi, de asemenea, pus\u0103 la dispozi\u021bia copiilor, deoarece copiii cu deficien\u021be de vedere au nevoie de exerci\u021bii fizice \u0219i de antrenament chiar mai mult dec\u00e2t omologii lor v\u0103z\u0103tori. \u0218coala special\u0103 va purta numele profesorului Lajos Katona, care a decedat din p\u0103cate recent. \u0218coala va fi o cl\u0103dire cu dou\u0103 etaje, cu o suprafa\u021b\u0103 construit\u0103 net\u0103 de 1 710 m2, dou\u0103 sc\u0103ri (obligatorii din motive de siguran\u021b\u0103 \u00een caz de incendiu), un lift f\u0103r\u0103 bariere, 8 s\u0103li de clas\u0103 flexibile, toalete pe fiecare nivel, spa\u021bii administrative, mecanice \u0219i opera\u021bionale, o sal\u0103 de festivit\u0103\u021bi cu 70 de locuri, o sal\u0103 medical\u0103, o sal\u0103 pentru profesori \u0219i birouri.<\/p>\n<p><a href=\"https:\/\/erdelyivakiskola.org\/wp-content\/uploads\/2023\/02\/03.png\"><img loading=\"lazy\" decoding=\"async\" class=\"alignnone wp-image-2689\" src=\"https:\/\/erdelyivakiskola.org\/wp-content\/uploads\/2023\/02\/03-300x245.png\" alt=\"\" width=\"429\" height=\"350\" srcset=\"https:\/\/erdelyivakiskola.org\/wp-content\/uploads\/2023\/02\/03-300x245.png 300w, https:\/\/erdelyivakiskola.org\/wp-content\/uploads\/2023\/02\/03-1024x835.png 1024w, https:\/\/erdelyivakiskola.org\/wp-content\/uploads\/2023\/02\/03-768x626.png 768w, https:\/\/erdelyivakiskola.org\/wp-content\/uploads\/2023\/02\/03.png 1200w\" sizes=\"auto, (max-width: 429px) 100vw, 429px\" \/><\/a>\u00a0 <a href=\"https:\/\/erdelyivakiskola.org\/wp-content\/uploads\/2023\/02\/15.png\"><img loading=\"lazy\" decoding=\"async\" class=\"alignnone wp-image-2690\" src=\"https:\/\/erdelyivakiskola.org\/wp-content\/uploads\/2023\/02\/15-300x244.png\" alt=\"\" width=\"430\" height=\"350\" srcset=\"https:\/\/erdelyivakiskola.org\/wp-content\/uploads\/2023\/02\/15-300x244.png 300w, https:\/\/erdelyivakiskola.org\/wp-content\/uploads\/2023\/02\/15-1024x834.png 1024w, https:\/\/erdelyivakiskola.org\/wp-content\/uploads\/2023\/02\/15-768x626.png 768w, https:\/\/erdelyivakiskola.org\/wp-content\/uploads\/2023\/02\/15.png 1350w\" sizes=\"auto, (max-width: 430px) 100vw, 430px\" \/><\/a><\/p>\n<p>Sal\u0103 de gimnastic\u0103 are o suprafa\u021b\u0103 net\u0103 de 284 m2, cu un coridor, vestiare accesibile pentru elevi, vestiare pentru profesori, cabinet medical, spa\u021bii de depozitare, cu o suprafa\u021b\u0103 total\u0103 de 497 m2. Construc\u021bia \u0219i dotarea s\u0103li de sport pentru a deservi copiii cu deficien\u021be de vedere, crearea de spa\u021bii terapeutice speciale, construirea de terenuri de sport (teren de minge cu zorn\u0103it, teren de fotbal cu zorn\u0103it), pardoseli sportive speciale sunt elemente care cresc costurile. Costul proiect\u0103rii, construc\u021biei \u0219i autoriz\u0103rii acestor dou\u0103 cl\u0103diri &#8211; \u0219coala \u0219i sala de sport &#8211; este estimat de proiectan\u021bi \u0219i antreprenori la 3.000.000 de euro.<\/p>\n<p><a href=\"https:\/\/erdelyivakiskola.org\/wp-content\/uploads\/2023\/02\/08.png\"><img loading=\"lazy\" decoding=\"async\" class=\"alignnone wp-image-2693\" src=\"https:\/\/erdelyivakiskola.org\/wp-content\/uploads\/2023\/02\/08-300x244.png\" alt=\"\" width=\"428\" height=\"348\" srcset=\"https:\/\/erdelyivakiskola.org\/wp-content\/uploads\/2023\/02\/08-300x244.png 300w, https:\/\/erdelyivakiskola.org\/wp-content\/uploads\/2023\/02\/08-768x626.png 768w, https:\/\/erdelyivakiskola.org\/wp-content\/uploads\/2023\/02\/08.png 869w\" sizes=\"auto, (max-width: 428px) 100vw, 428px\" \/><\/a>\u00a0 <a href=\"https:\/\/erdelyivakiskola.org\/wp-content\/uploads\/2023\/02\/13.png\"><img loading=\"lazy\" decoding=\"async\" class=\"alignnone wp-image-2694\" src=\"https:\/\/erdelyivakiskola.org\/wp-content\/uploads\/2023\/02\/13-300x245.png\" alt=\"\" width=\"426\" height=\"348\" srcset=\"https:\/\/erdelyivakiskola.org\/wp-content\/uploads\/2023\/02\/13-300x245.png 300w, https:\/\/erdelyivakiskola.org\/wp-content\/uploads\/2023\/02\/13-768x626.png 768w, https:\/\/erdelyivakiskola.org\/wp-content\/uploads\/2023\/02\/13.png 857w\" sizes=\"auto, (max-width: 426px) 100vw, 426px\" \/><\/a><\/p>\n<p>Alte cheltuieli planificate care nu au leg\u0103tur\u0103 cu dezvoltarea imobiliar\u0103:<\/p>\n<ul>\n<li><strong>achizi\u021bionarea de dispozitive didactice speciale<\/strong>: ecrane Braille \u0219i ma\u0219ini de scris Braille, imprimante Braille, lupe electronice, ecrane tactile \u0219i aparate tactile, imprimante multifunc\u021bionale, laptopuri, tablete: 150 000 EUR.<\/li>\n<li><strong>mobilier \u0219i echipamente<\/strong> pentru locuin\u021be: 40 de paturi de o persoan\u0103, lenjerie de pat, 60 de birouri \u0219i scaune pliabile, mobilier de clas\u0103, materiale didactice: 60 000 EUR.<\/li>\n<li><strong>ma\u0219ini industriale<\/strong> de sp\u0103lat \u0219i uscat rufe, ma\u0219ini de sp\u0103lat rufe de uz casnic pentru nev\u0103z\u0103tori, un aragaz de mare capacitate: 16 000 EUR.<\/li>\n<li>2 <strong>microbuze<\/strong> pentru transportul de m\u0103rfuri \u0219i pasageri, care pot fi folosite \u0219i ca autobuze \u0219colare: 80.000 de euro.<\/li>\n<li><strong>costuri de func\u021bionare<\/strong>, plata personalului, taxe \u0219i impozite pentru 1 an: 120.000 \u20ac.<\/li>\n<\/ul>\n<p>Investi\u021bia total\u0103, \u0219i anume renovarea cl\u0103dirii, modific\u0103rile de siguran\u021b\u0103, accesibilitatea, cl\u0103dirile noi pentru \u00eenv\u0103\u021b\u0103m\u00e2nt \u0219i costurile de func\u021bionare, este estimat\u0103 la <strong>4 226 000 EUR<\/strong>. \u00cen majoritatea cazurilor, aceste investi\u021bii, echipamentul didactic, mobilierul, modific\u0103rile de siguran\u021b\u0103 sunt obliga\u021bii legale, care reprezint\u0103 \u00een mare parte o condi\u021bie prealabil\u0103 pentru ob\u021binerea unei licen\u021be oficiale de func\u021bionare. Prin urmare, acestea sunt absolut necesare pentru demararea \u0219colii reziden\u021biale speciale \u00een limba de predare maghiar\u0103 \u0219i a centrului de reabilitare elementar\u0103 pentru nev\u0103z\u0103tori adul\u021bi.<\/p>\n<p>Cu mul\u021bumire \u00een suflet, cerem binecuv\u00e2ntarea lui Dumnezeu pentru sus\u021bin\u0103torii, partenerii \u0219i ajutoarele noastre. Munca \u0219i str\u00e2ngerea de fonduri continu\u0103, deoarece mai sunt necesare multe alte renov\u0103ri, mobilier, \u00eembun\u0103t\u0103\u021biri ale accesibilit\u0103\u021bii, cl\u0103diri noi \u0219i mai multe mijloace didactice valoroase.<\/p>\n<p>&nbsp;<\/p>\n<p><strong>V\u0103 rug\u0103m s\u0103 sprijini\u021bi deschiderea \u0219i func\u021bionarea Centrului Bartimeus! Sus\u021bine\u021bi educa\u021bia copiilor nev\u0103z\u0103tori!<\/strong><\/p>\n<p><strong>V\u0103 rug\u0103m, dac\u0103 considera\u021bi c\u0103 proiectul nostru este important, s\u0103 dona\u021bi c\u00e2t de mult pute\u021bi \u0219i s\u0103 v\u0103 \u00eencuraja\u021bi rudele, prietenii \u0219i cunoscu\u021bii s\u0103 fac\u0103 acela\u0219i lucru<\/strong>.<\/p>\n<p><strong>V\u0103 mul\u021bumim anticipat pentru generozitatea dona\u021biei dumneavoastr\u0103!<\/strong><\/p>\n<h4><\/h4>\n<h4><\/h4>\n<h4 class=\"p1\">\u00a0Mul\u021bumim pentru dona\u021biile generoase!<\/h4>\n<p><a class=\"btn btn-donation btn-full\" href=\"https:\/\/erdelyivakiskola.org\/donations\/\">Donez \u0219i eu<\/a><\/p>\n<p>&nbsp;<\/p>","protected":false},"excerpt":{"rendered":"<p>De ce copiii cu deficien\u021be de vedere au nevoie de o institu\u021bie de \u00eenv\u0103\u021b\u0103m\u00e2nt cu predare \u00een limba maghiar\u0103? Pentru c\u0103 nu exist\u0103 \u0219i copiii no\u0219tri au nevoie de ea! De ce avem nevoie de un centru de reabilitare pentru adul\u021bii cu deficien\u021be de vedere? Pentru c\u0103 nu exist\u0103 \u0219i adul\u021bii cu deficien\u021be de vedere [&hellip;]<\/p>\n","protected":false},"author":2,"featured_media":0,"parent":0,"menu_order":14,"comment_status":"closed","ping_status":"closed","template":"","meta":{"_acf_changed":false,"footnotes":""},"class_list":["post-925","page","type-page","status-publish","hentry"],"acf":[],"_links":{"self":[{"href":"https:\/\/erdelyivakiskola.org\/ro\/wp-json\/wp\/v2\/pages\/925","targetHints":{"allow":["GET"]}}],"collection":[{"href":"https:\/\/erdelyivakiskola.org\/ro\/wp-json\/wp\/v2\/pages"}],"about":[{"href":"https:\/\/erdelyivakiskola.org\/ro\/wp-json\/wp\/v2\/types\/page"}],"author":[{"embeddable":true,"href":"https:\/\/erdelyivakiskola.org\/ro\/wp-json\/wp\/v2\/users\/2"}],"replies":[{"embeddable":true,"href":"https:\/\/erdelyivakiskola.org\/ro\/wp-json\/wp\/v2\/comments?post=925"}],"version-history":[{"count":86,"href":"https:\/\/erdelyivakiskola.org\/ro\/wp-json\/wp\/v2\/pages\/925\/revisions"}],"predecessor-version":[{"id":2725,"href":"https:\/\/erdelyivakiskola.org\/ro\/wp-json\/wp\/v2\/pages\/925\/revisions\/2725"}],"wp:attachment":[{"href":"https:\/\/erdelyivakiskola.org\/ro\/wp-json\/wp\/v2\/media?parent=925"}],"curies":[{"name":"wp","href":"https:\/\/api.w.org\/{rel}","templated":true}]}}