{"id":43,"date":"2019-06-26T14:51:25","date_gmt":"2019-06-26T14:51:25","guid":{"rendered":"https:\/\/erdelyivakiskola.org\/\/?page_id=43"},"modified":"2025-03-11T10:42:26","modified_gmt":"2025-03-11T08:42:26","slug":"contact","status":"publish","type":"page","link":"https:\/\/erdelyivakiskola.org\/ro\/contact\/","title":{"rendered":"Contact"},"content":{"rendered":"<p><\/p>\n<h5>Address<\/h5>\n<p>535600 Odorheiu Secuiesc<br \/>\nstr. II. R\u00e1k\u00f3czi Ferenc 40<br \/>\njud. Harghita, Romania<\/p>\n<h5>Office<\/h5>\n<p>CENTRUL BARTIMEUS<br \/>\n535600 Odorheiu Secuiesc<br \/>\nstr. II. R\u00e1k\u00f3czi Ferenc 40<br \/>\njud. Harghita, Romania<br \/>\ne-mail: office@erdelyivakiskola.org<\/p>\n<p>&nbsp;<\/p>\n<h4>Financial support<\/h4>\n<p>If you would like to support our work, you can do it by clicking <a href=\"https:\/\/erdelyivakiskola.org\/hu\/donations\/\">here<\/a>. If you would rather donate through your own banking application, the beneficiary is:<\/p>\n<h4>Asociatia Pentru Nevazatori Maghiari din Ardeal<\/h4>\n<ul>\n<li>RON: <span lang=\"EN-US\">RO31<\/span><span lang=\"DA\">BTRL<\/span><span lang=\"DE\">RONCRT0T<\/span><span lang=\"EN-US\">13877701<\/span><\/li>\n<li>HUF: <span lang=\"EN-US\">RO49<\/span><span lang=\"DA\">BTRL<\/span><span lang=\"DE\">HUFCRT0T<\/span><span lang=\"EN-US\">13877701<\/span><\/li>\n<li>EUR: <span lang=\"EN-US\">RO16<\/span><span lang=\"DA\">BTRL<\/span><span lang=\"DE\">EURC<\/span><span lang=\"DE\">RT0T<\/span>13877701<\/li>\n<li>USD: <span lang=\"EN-US\">RO56<\/span><span lang=\"DA\">BTRL<\/span><span lang=\"EN-US\">USDC<\/span><span lang=\"DE\">RT0T<\/span>13877701<br \/>\nBANKA TRANSILVANIA<br \/>\nSwifte: BTRLRO22XXX<\/li>\n<\/ul>\n<h4>Fundaatia Pentru Nevazatori Maghiari din Ardeal<\/h4>\n<ul>\n<li>RON: RO76BTRLRONCRT0T15EB9E02<\/li>\n<li>EUR: RO41BTRLEURCRT0T 15EB9E01<\/li>\n<li>HUF: <span lang=\"DE\">R<\/span><span lang=\"EN-US\">O61BTRLHUFCRT0T15EB9E01<\/span><\/li>\n<li><span lang=\"EN-US\">USD: RO77BTRLUSDCRT0T15EB9E01<br \/>\n<\/span>BANKA TRANSILVANIA<br \/>\nSwift: BTRLRO22XXX<\/li>\n<\/ul>\n<p style=\"text-align: center;\">THANK YOU FOR YOUR CONFIDENCE AND FOR THE RECOGNITION<br \/>\nOF OUR ASSOCIATION&#8217;S WORK!<\/p>\n<p><\/p>","protected":false},"excerpt":{"rendered":"<p>Address 535600 Odorheiu Secuiesc str. II. R\u00e1k\u00f3czi Ferenc 40 jud. Harghita, Romania Office CENTRUL BARTIMEUS 535600 Odorheiu Secuiesc str. II. R\u00e1k\u00f3czi Ferenc 40 jud. Harghita, Romania e-mail: office@erdelyivakiskola.org &nbsp; Financial support If you would like to support our work, you can do it by clicking here. If you would rather donate through your own banking [&hellip;]<\/p>\n","protected":false},"author":1,"featured_media":17,"parent":0,"menu_order":19,"comment_status":"closed","ping_status":"closed","template":"","meta":{"_acf_changed":false,"footnotes":""},"class_list":["post-43","page","type-page","status-publish","has-post-thumbnail","hentry"],"acf":[],"_links":{"self":[{"href":"https:\/\/erdelyivakiskola.org\/ro\/wp-json\/wp\/v2\/pages\/43","targetHints":{"allow":["GET"]}}],"collection":[{"href":"https:\/\/erdelyivakiskola.org\/ro\/wp-json\/wp\/v2\/pages"}],"about":[{"href":"https:\/\/erdelyivakiskola.org\/ro\/wp-json\/wp\/v2\/types\/page"}],"author":[{"embeddable":true,"href":"https:\/\/erdelyivakiskola.org\/ro\/wp-json\/wp\/v2\/users\/1"}],"replies":[{"embeddable":true,"href":"https:\/\/erdelyivakiskola.org\/ro\/wp-json\/wp\/v2\/comments?post=43"}],"version-history":[{"count":33,"href":"https:\/\/erdelyivakiskola.org\/ro\/wp-json\/wp\/v2\/pages\/43\/revisions"}],"predecessor-version":[{"id":3252,"href":"https:\/\/erdelyivakiskola.org\/ro\/wp-json\/wp\/v2\/pages\/43\/revisions\/3252"}],"wp:featuredmedia":[{"embeddable":true,"href":"https:\/\/erdelyivakiskola.org\/ro\/wp-json\/wp\/v2\/media\/17"}],"wp:attachment":[{"href":"https:\/\/erdelyivakiskola.org\/ro\/wp-json\/wp\/v2\/media?parent=43"}],"curies":[{"name":"wp","href":"https:\/\/api.w.org\/{rel}","templated":true}]}}