{"id":1805,"date":"2021-12-13T10:39:41","date_gmt":"2021-12-13T08:39:41","guid":{"rendered":"https:\/\/erdelyivakiskola.org\/?page_id=1805"},"modified":"2021-12-14T23:18:32","modified_gmt":"2021-12-14T21:18:32","slug":"learn-more-about-bidding","status":"publish","type":"page","link":"https:\/\/erdelyivakiskola.org\/ro\/learn-more-about-bidding\/","title":{"rendered":"Afla\u021bi mai multe despre licita\u021bie"},"content":{"rendered":"<p><\/p>\n<p class=\"p1\"><strong>De ce copiii cu deficien\u021be de vedere au nevoie de o institu\u021bie de \u00eenv\u0103\u021b\u0103m\u00e2nt cu predare \u00een limba maghiar\u0103? Pentru c\u0103 nu exist\u0103 \u0219i copiii no\u0219tri au nevoie de ea!<\/strong><\/p>\n<p class=\"p1\"><strong>De ce avem nevoie de un centru de reabilitare pentru adul\u021bii cu deficien\u021be de vedere? Pentru c\u0103 nu exist\u0103 \u0219i adul\u021bii cu deficien\u021be de vedere au nevoie de el!<\/strong><\/p>\n<p>Asocia\u021bia Pentru Nev\u0103z\u0103tori Maghiari din Ardeal administreaz\u0103 site-ul erdelyivakiskola.org. Candidatura noastr\u0103 &#8211; ca \u0219i toate celelalte activit\u0103\u021bi ale noastre- vizeaz\u0103 str\u00e2ngere de fonduri pentru \u00a0\u00eenfiin\u021barea c\u00e2t mai repede posibil al unei institu\u021bii de \u00eenv\u0103\u021b\u0103m\u00e2nt special \u0219i a unui centru de reabilitare.<\/p>\n<p>Oferim publicului obiecte unice \u0219i speciale, pe care dup\u0103 achizi\u021bie noul proprietar se poate bucura \u0219i, \u00een acela\u0219i timp, contribuie \u00een mare m\u0103sur\u0103 la educa\u021bia \u0219i integrarea \u00een societate a persoanelor cu deficien\u021be de vedere.<\/p>\n<p>Pute\u021bi participa la licita\u021bie dup\u0103 \u00eenregistrare, iar c\u00e2\u0219tig\u0103torul va primi prin po\u0219t\u0103 obiectul achizi\u021bionat. Livrarea este gratuit\u0103 \u00een Rom\u00e2nia, la expedierea la adrese din str\u0103in\u0103tate pot interveni costuri de transport, \u00een baza unei \u00een\u021belegeri prealabile.<\/p>\n<p>Gama noastr\u0103 de produse este \u00een continu\u0103 extindere, reveni\u021bi des!<br \/>\nV\u0103 dorim succes la licita\u021bii!<\/p>","protected":false},"excerpt":{"rendered":"<p>De ce copiii cu deficien\u021be de vedere au nevoie de o institu\u021bie de \u00eenv\u0103\u021b\u0103m\u00e2nt cu predare \u00een limba maghiar\u0103? Pentru c\u0103 nu exist\u0103 \u0219i copiii no\u0219tri au nevoie de ea! De ce avem nevoie de un centru de reabilitare pentru adul\u021bii cu deficien\u021be de vedere? Pentru c\u0103 nu exist\u0103 \u0219i adul\u021bii cu deficien\u021be de vedere [&hellip;]<\/p>\n","protected":false},"author":2,"featured_media":0,"parent":0,"menu_order":1,"comment_status":"closed","ping_status":"closed","template":"","meta":{"_acf_changed":false,"footnotes":""},"class_list":["post-1805","page","type-page","status-publish","hentry"],"acf":[],"_links":{"self":[{"href":"https:\/\/erdelyivakiskola.org\/ro\/wp-json\/wp\/v2\/pages\/1805","targetHints":{"allow":["GET"]}}],"collection":[{"href":"https:\/\/erdelyivakiskola.org\/ro\/wp-json\/wp\/v2\/pages"}],"about":[{"href":"https:\/\/erdelyivakiskola.org\/ro\/wp-json\/wp\/v2\/types\/page"}],"author":[{"embeddable":true,"href":"https:\/\/erdelyivakiskola.org\/ro\/wp-json\/wp\/v2\/users\/2"}],"replies":[{"embeddable":true,"href":"https:\/\/erdelyivakiskola.org\/ro\/wp-json\/wp\/v2\/comments?post=1805"}],"version-history":[{"count":2,"href":"https:\/\/erdelyivakiskola.org\/ro\/wp-json\/wp\/v2\/pages\/1805\/revisions"}],"predecessor-version":[{"id":1980,"href":"https:\/\/erdelyivakiskola.org\/ro\/wp-json\/wp\/v2\/pages\/1805\/revisions\/1980"}],"wp:attachment":[{"href":"https:\/\/erdelyivakiskola.org\/ro\/wp-json\/wp\/v2\/media?parent=1805"}],"curies":[{"name":"wp","href":"https:\/\/api.w.org\/{rel}","templated":true}]}}