{"id":1795,"date":"2021-12-13T10:35:10","date_gmt":"2021-12-13T08:35:10","guid":{"rendered":"https:\/\/erdelyivakiskola.org\/?page_id=1795"},"modified":"2022-02-18T11:31:04","modified_gmt":"2022-02-18T09:31:04","slug":"privacy-policy","status":"publish","type":"page","link":"https:\/\/erdelyivakiskola.org\/ro\/privacy-policy\/","title":{"rendered":"Protec\u021bia datelor"},"content":{"rendered":"<p>1. REGULI DE LICITA\u021aIE<\/p>\n<p>Scopul regulamentului este de a defini regulile de licita\u021bie pe site-ul erdelyivakiskiskola.org \u00eentr-un mod cuprinz\u0103tor, transparent \u0219i regulat, ajut\u00e2nd astfel participan\u021bii s\u0103 utilizeze site-ul f\u0103r\u0103 probleme \u0219i s\u0103 desf\u0103\u0219oare licita\u021bia \u00eentr-un mod corect \u0219i de bun\u0103 credin\u021b\u0103. \u00cen acest scop, EMLE, \u00een calitate de proprietar al site-ului web erdelyivakiskola.org, pune la dispozi\u021bie regulile de licita\u021bie online.<\/p>\n<p>Domeniul de aplicare precondi\u021bilor al prezentelor norme acoper\u0103 activitatea de licita\u021bie \u0219i persoanele care doresc s\u0103 participe la licita\u021bie \u0219i, \u00een acest scop, s\u0103 se \u00eenregistreze \u0219i s\u0103 depun\u0103 o ofert\u0103 valabil\u0103 pentru orice articol de licita\u021bie \u00een zona de licita\u021bie de pe site-ul erdelyivakiskola.org.<\/p>\n<p>Persoane cine liciteaz\u0103 are datoria sa s\u0103 se informeze cu privire la prevederile regulamentului de licita\u021bie \u00eenainte de a se \u00eenregistra \u0219i nu poate invoca nerespectarea acestui lucru pentru a contracta obliga\u021bii sau a ob\u021bine beneficii.<\/p>\n<p>2. ORGANIZATORUL LICITA\u021aIEI<\/p>\n<p>Organizatorul licita\u021biei este Asocia\u021bia Pentru Nev\u0103z\u0103torilor Maghiar\u0103 Din Transilvania, care va folosi veniturile ob\u021binute \u00een urma licita\u021biei exclusiv pentru \u00eentre\u021binerea, dezvoltarea \u0219i func\u021bionarea Centrului de Educa\u021bie Maghiar\u0103 pentru Nev\u0103z\u0103tori din Transilvania. Licita\u021bia va avea loc \u00een zona de licita\u021bii de pe site-ul erdelyivakiskiskola.org.<\/p>\n<p>3. SCURT\u0102 DESCRIERE A LICITA\u021aIEI<\/p>\n<p>Licita\u021bia de pe site-ul web erdelyivakiskiskola.org administrat\u0103 de EMLE este o licita\u021bie de caritate deschis\u0103 oricui, \u00een conformitate cu condi\u021biile descrise \u00een sec\u021biunea 4. Participarea este deschis\u0103 oric\u0103rei persoane fizice sau juridice care se \u00eenregistreaz\u0103 pe site \u0219i care depune o ofert\u0103 valabil\u0103 pentru cel pu\u021bin unul sau toate articolele licita\u021biei. Obiectele oferite la licita\u021bie vor fi proprietatea celui care va oferi cel mai mare pre\u021b valabil la sf\u00e2r\u0219itul licita\u021biei. Cu toate acestea, EMLE \u00ee\u0219i rezerv\u0103 dreptul de a determina c\u00e2\u0219tig\u0103torul oric\u0103rei oferte, indiferent de suma licitat\u0103.<\/p>\n<p>Procesul de licita\u021bie:<\/p>\n<p>Licita\u021bia se poate face pe site-ul web erdelyivakiskiskola.org, dup\u0103 \u00eenregistrare \u0219i logare pe site.<\/p>\n<p>Fiecare articol de licita\u021bie are un pre\u021b de pornire stabilit, un increment de licita\u021bie stabilit care cre\u0219te valoarea licita\u021biei \u0219i un pre\u021b de cump\u0103rare imediat. Exist\u0103 o limit\u0103 de timp disponibil, dup\u0103 care nu mai pot fi depuse oferte pentru un obiect, licita\u021bia se \u00eencheie \u0219i obiectul devine proprietatea celui care a depus cea mai mare ofert\u0103.<\/p>\n<p>4. CONDI\u021aIILE DE PARTICIPARE LA LICITA\u021aIE<\/p>\n<p>Participarea la licita\u021bie este voluntar\u0103 dac\u0103 solicitantul \u00eendepline\u0219te urm\u0103toarele condi\u021bii:<\/p>\n<p>a) s\u0103 se \u00eenregistreze \u0219i s\u0103 depun\u0103 o ofert\u0103 valabil\u0103 pentru orice articol de licita\u021bie,<\/p>\n<p>(b) accept\u0103 prezentele norme \u0219i regulamente; \u0219i<\/p>\n<p>(c) la momentul licita\u021biei, furnizeaz\u0103 informa\u021biile strict necesare pentru a participa la licita\u021bie.<\/p>\n<p>Pot participa la licita\u021bie persoanele fizice care, pe l\u00e2ng\u0103 \u00eendeplinirea condi\u021biilor de la literele (a)-(c) de mai sus, au \u00eemplinit v\u00e2rsta de 18 ani.<\/p>\n<p>\u00cen cazul \u00een care ofertantul nu este de acord cu termenii prezentului regulament sau nu completeaz\u0103 informa\u021biile care indic\u0103 inten\u021bia sa de a participa, nu are dreptul de a participa la licita\u021bie.<\/p>\n<p>5. PROTEC\u021aIA DATELOR<\/p>\n<p>Furnizarea datelor se bazeaz\u0103 pe consim\u021b\u0103m\u00e2ntul persoanei vizate, \u00een conformitate cu Regulamentul UE 2016\/679 [articolul 6 alineatul (1) litera (a) din Regulamentul general privind protec\u021bia datelor].<\/p>\n<p>Furnizarea datelor cu caracter personal nu este obligatorie, \u00eens\u0103, dac\u0103 nu se furnizeaz\u0103 datele \u0219i, dac\u0103 este cazul, dac\u0103 se retrage consim\u021b\u0103m\u00e2ntul, participarea (ulterioar\u0103) la licita\u021bie nu va fi posibil\u0103.<\/p>\n<p>Domeniul de aplicare al datelor cu caracter personal prelucrate este exclusiv necesar pentru buna desf\u0103\u0219urare a procesului de licita\u021bie. Site-ul web erdelyivakiskola.org operat de EMLE nu solicit\u0103 date cu caracter personal \u00een scopuri comerciale, nu transmite datele c\u0103tre ter\u021bi \u0219i protejeaz\u0103 datele cu caracter personal aflate \u00een posesia sa \u00een conformitate cu legile aplicabile, \u00een conformitate cu Regulamentul general privind protec\u021bia datelor al UE.<\/p>\n<p>&nbsp;<\/p>\n<p>&nbsp;<\/p>\n<p>&nbsp;<\/p>","protected":false},"excerpt":{"rendered":"<p>1. REGULI DE LICITA\u021aIE Scopul regulamentului este de a defini regulile de licita\u021bie pe site-ul erdelyivakiskiskola.org \u00eentr-un mod cuprinz\u0103tor, transparent \u0219i regulat, ajut\u00e2nd astfel participan\u021bii s\u0103 utilizeze site-ul f\u0103r\u0103 probleme \u0219i s\u0103 desf\u0103\u0219oare licita\u021bia \u00eentr-un mod corect \u0219i de bun\u0103 credin\u021b\u0103. \u00cen acest scop, EMLE, \u00een calitate de proprietar al site-ului web erdelyivakiskola.org, pune la [&hellip;]<\/p>\n","protected":false},"author":2,"featured_media":0,"parent":0,"menu_order":6,"comment_status":"closed","ping_status":"closed","template":"","meta":{"_acf_changed":false,"footnotes":""},"class_list":["post-1795","page","type-page","status-publish","hentry"],"acf":[],"_links":{"self":[{"href":"https:\/\/erdelyivakiskola.org\/ro\/wp-json\/wp\/v2\/pages\/1795","targetHints":{"allow":["GET"]}}],"collection":[{"href":"https:\/\/erdelyivakiskola.org\/ro\/wp-json\/wp\/v2\/pages"}],"about":[{"href":"https:\/\/erdelyivakiskola.org\/ro\/wp-json\/wp\/v2\/types\/page"}],"author":[{"embeddable":true,"href":"https:\/\/erdelyivakiskola.org\/ro\/wp-json\/wp\/v2\/users\/2"}],"replies":[{"embeddable":true,"href":"https:\/\/erdelyivakiskola.org\/ro\/wp-json\/wp\/v2\/comments?post=1795"}],"version-history":[{"count":5,"href":"https:\/\/erdelyivakiskola.org\/ro\/wp-json\/wp\/v2\/pages\/1795\/revisions"}],"predecessor-version":[{"id":2172,"href":"https:\/\/erdelyivakiskola.org\/ro\/wp-json\/wp\/v2\/pages\/1795\/revisions\/2172"}],"wp:attachment":[{"href":"https:\/\/erdelyivakiskola.org\/ro\/wp-json\/wp\/v2\/media?parent=1795"}],"curies":[{"name":"wp","href":"https:\/\/api.w.org\/{rel}","templated":true}]}}