{"id":2205,"date":"2022-03-03T09:18:53","date_gmt":"2022-03-03T07:18:53","guid":{"rendered":"https:\/\/erdelyivakiskola.org\/?post_type=product&#038;p=2205"},"modified":"2023-06-08T11:16:37","modified_gmt":"2023-06-08T09:16:37","slug":"janos-hunfalvy-hungary-and-transylvania-counterpart-edition","status":"publish","type":"product","link":"https:\/\/erdelyivakiskola.org\/hu\/product\/janos-hunfalvy-hungary-and-transylvania-counterpart-edition\/","title":{"rendered":"Hunfalvy J\u00e1nos: Magyarorsz\u00e1g \u00e9s Erd\u00e9ly, hasonm\u00e1s kiad\u00e1s"},"content":{"rendered":"<p>&nbsp;<\/p>\n<p>EREDETI K\u00c9PEKBEN<\/p>\n<p>\u2026Hunfalvy az egyes helys\u00e9gekhez f\u0171z\u0151d\u0151 hagyom\u00e1nyok t\u00f6rt\u00e9neti eml\u00e9kanyag\u00e1nak feldolgoz\u00e1s\u00e1n\u00e1l mer\u00edtett a t\u00f6rt\u00e9neti k\u00fatf\u0151kb\u0151l, a rendelkez\u00e9sre \u00e1ll\u00f3 helyt\u00f6rt\u00e9neti irodalomb\u00f3l, de \u2013 mint m\u00e1s m\u0171veiben eml\u00edti -, feltehet\u0151en itt is t\u00e1mogatt\u00e1k helyi levelez\u0151k, akik a t\u00f6rt\u00e9neti le\u00edr\u00e1sokat helyi forr\u00e1sokb\u00f3l kieg\u00e9sz\u00edtett\u00e9k, felfriss\u00edtett\u00e9k.<br \/>\nHunfalvy h\u00e1romk\u00f6tetes munk\u00e1ja \u00e9lvezetes kalauzunk az elm\u00falt sz\u00e1zadok vil\u00e1g\u00e1ban. Ez a h\u00e1rom k\u00f6tetes, gy\u00f6ny\u00f6r\u0171 b\u0151rk\u00f6t\u00e9ses munka az eredeti teljes m\u0171 hasonm\u00e1s kiad\u00e1sa, mely a M\u00e9ry Ratio Kiad\u00f3 2020-as \u00edg\u00e9nyes munk\u00e1ja. Maga az eredeti munka teljes metszet\u00e1llom\u00e1ny\u00e1val k\u00f6nyv\u00e9szeti ritkas\u00e1g, k\u00f6nyvt\u00e1rak f\u00e9ltve \u0151rz\u00f6tt kincse, az \u00faj kiad\u00e1s r\u00e9v\u00e9n azonban ez az \u00e9rt\u00e9kes, ritka m\u0171 az eredetit megk\u00f6zel\u00edt\u0151 sz\u00ednvonalon a nagyk\u00f6z\u00f6ns\u00e9g sz\u00e1m\u00e1ra is hozz\u00e1f\u00e9rhet\u0151v\u00e9 \u00e9s \u00e9lvezhet\u0151v\u00e9 v\u00e1lik.<\/p>\n<p>\u201cHunfalvy J\u00e1nos: Magyarorsz\u00e1g \u00e9s Erd\u00e9ly, eredeti k\u00e9pekben, t\u00f6rt\u00e9nelmi \u00e9s helyirati sz\u00f6vegekkel, Rohbock Lajos rajzaival. Eredeti kiad\u00e1s: Darmstadt, 1863. Kiadta \u00e9s nyomtatta Lange Guszt\u00e1v Gy\u00f6rgy.\u201d<\/p>\n<p>A kiadott hasonm\u00e1s k\u00f6tetek magas min\u0151s\u00e9ge, a csod\u00e1san sz\u00ednes m\u00e9ly nyomott b\u0151rk\u00f6t\u00e9s, az ig\u00e9nyes nyomdai munka, \u00e9s a benne l\u00e9v\u0151 sok-sok \u00e9rdekes helyt\u00f6rt\u00e9net \u00e9s eredeti rajz adja ennek a licitt\u00e1rgynak az \u00e9rt\u00e9k\u00e9t.<\/p>\n<p>A h\u00e1romk\u00f6tetes munka a Cs\u00edkszeredai Magyar F\u0151konzul\u00e1tus adom\u00e1nya. Sz\u00edvb\u0151l k\u00f6sz\u00f6nj\u00fck, hogy ezzel is hozz\u00e1j\u00e1rulnak a magyar l\u00e1t\u00e1ss\u00e9r\u00fclt gyerekek magyar tannyelv\u0171, speci\u00e1lis iskol\u00e1j\u00e1nak projektj\u00e9t!<\/p>\n<p>Olvass\u00e1k szeretettel!<span class=\"Apple-converted-space\">\u00a0<\/span><\/p>","protected":false},"featured_media":2208,"template":"","class_list":["post-2205","product","type-product","status-publish","has-post-thumbnail","hentry"],"acf":[],"_links":{"self":[{"href":"https:\/\/erdelyivakiskola.org\/hu\/wp-json\/wp\/v2\/product\/2205","targetHints":{"allow":["GET"]}}],"collection":[{"href":"https:\/\/erdelyivakiskola.org\/hu\/wp-json\/wp\/v2\/product"}],"about":[{"href":"https:\/\/erdelyivakiskola.org\/hu\/wp-json\/wp\/v2\/types\/product"}],"wp:featuredmedia":[{"embeddable":true,"href":"https:\/\/erdelyivakiskola.org\/hu\/wp-json\/wp\/v2\/media\/2208"}],"wp:attachment":[{"href":"https:\/\/erdelyivakiskola.org\/hu\/wp-json\/wp\/v2\/media?parent=2205"}],"curies":[{"name":"wp","href":"https:\/\/api.w.org\/{rel}","templated":true}]}}