{"id":2173,"date":"2022-02-22T09:14:42","date_gmt":"2022-02-22T07:14:42","guid":{"rendered":"https:\/\/erdelyivakiskola.org\/?post_type=product&#038;p=2173"},"modified":"2026-03-17T10:31:16","modified_gmt":"2026-03-17T08:31:16","slug":"magyar-tapisz-vasarhelyi-antal-grafikaja","status":"publish","type":"product","link":"https:\/\/erdelyivakiskola.org\/hu\/product\/magyar-tapisz-vasarhelyi-antal-grafikaja\/","title":{"rendered":"&#8222;T\u00c1PISZ&#8221; &#8211; graphic by Antal V\u00e1s\u00e1rhelyi"},"content":{"rendered":"<p>V\u00e1s\u00e1rhelyi was born in Satu Mare, Romania, studied interior design and graphic design at the University of Fine Arts in Bucharest, and moved to Hungary in 1979. Between 1979-1982, with interruptions, he was the artistic director of the Young Artists&#8217; Club in Budapest, organising exhibitions and co-artistic programmes. In the mid-1980s he was involved in the organisation of the international exhibitions Experimental Art and Art Today I-III. In 1988 he became editor of the social and art magazine Hi\u00e1ny, which played a significant role in the creation of political and artistic pluralism in Hungary. In 1998, he organised the exhibition Hommage a` M. C. Escher, and in 1999, with the support of UNESCO and ICSU, the exhibition Science in Art &#8211; Art in Science. He is a member of the Association pour la Promotion du Patrimonie Artistique Fran\u00e7ais and the Berufsverband Bildender K\u00fcnstler. His large-scale, geometric, mostly black and white works, most often composed of architectural elements, are characterised by solutions influenced by the illusionistic spatialisation of M. C. Escher, often associating abstract forms with figurative details, and by an objective, coolly analytical tone enriched by ironic or dramatic moments.<\/p>\n<p>&nbsp;<\/p>\n<p><strong>Solo exhibitions<\/strong><\/p>\n<p>1975 Theatre Gallery, Satu Mare, Romania<\/p>\n<p>1977 Pet\u0151fi S\u00e1ndor House of Culture Gallery, Bucharest, RO<\/p>\n<p>1978 Korunk Gallery, Cluj Napoca, Romania<\/p>\n<p>1980 Municipal House of Culture, \u00c9rd, E\u00f6tv\u00f6s Klub Gallery, Budapest<\/p>\n<p>1981 Ferencv\u00e1rosi Pince Gallery, Budapest, Mini Gallery, Szeged<\/p>\n<p>1982 State University Gallery, Vienna, Austria,<\/p>\n<p><span class=\"Apple-converted-space\">\u00a0 \u00a0 \u00a0 \u00a0 \u00a0 <\/span>Rajk L\u00e1szl\u00f3 College Gallery, Budapest,<\/p>\n<p><span class=\"Apple-converted-space\">\u00a0 \u00a0 \u00a0 \u00a0 \u00a0 <\/span>Mini Gallery, Miskolc,<\/p>\n<p><span class=\"Apple-converted-space\">\u00a0 \u00a0 \u00a0 \u00a0 \u00a0 <\/span>FMK-Gallery, Budapest<\/p>\n<p>1983 Vay \u00c1d\u00e1m Museum, Vaja<\/p>\n<p>1984 Studio Gallery, Budapest<\/p>\n<p>1985 L&#8217;\u00c9cume Gallery, Paris<\/p>\n<p>1991 Chagall Gallery, Hungarian Jewish Cultural Association, Budapest,<\/p>\n<p><span class=\"Apple-converted-space\">\u00a0 \u00a0 \u00a0 \u00a0 \u00a0 <\/span>Maximum Gallery, Nuremberg, Germany<\/p>\n<p>1992 Palazzo Brozi Gallery Caf\u00e9, Nuremberg, Germany,<\/p>\n<p><span class=\"Apple-converted-space\">\u00a0 \u00a0 \u00a0 \u00a0 \u00a0 <\/span>Komm Gallery, Nuremberg, Germany<\/p>\n<p>1993 Maximum Gallery, with sculptures by Uwe Kunze, Nuremberg, Germany<\/p>\n<p><span class=\"Apple-converted-space\">\u00a0 \u00a0 \u00a0 \u00a0 \u00a0 <\/span>Young Artists Club, in collaboration with the sculptures of Uwe Kunze, Budapest<\/p>\n<p>1994 Rathausgalerie, together with sculptures by Uwe Kunze, Vellmar,Germany,<\/p>\n<p><span class=\"Apple-converted-space\">\u00a0 \u00a0 \u00a0 \u00a0 \u00a0 <\/span>UAP Gallery, together with sculptures by Uwe Kunze, Cluj-Napoca, Romania,<\/p>\n<p><span class=\"Apple-converted-space\">\u00a0\u00a0 \u00a0 \u00a0 \u00a0 <\/span>&#8222;48-4=44&#8221;, Art-room Exhibition, Budapest,<\/p>\n<p><span class=\"Apple-converted-space\">\u00a0 \u00a0 \u00a0 \u00a0 \u00a0 <\/span>Galerie-Kneipe, N\u00fcrnberg, Germany<\/p>\n<p>1995 Tam\u00e1s Gallery, Budapest<\/p>\n<p>1996 V.A.M. Design Center, Budapest,<\/p>\n<p><span class=\"Apple-converted-space\">\u00a0 \u00a0 \u00a0 \u00a0 \u00a0 <\/span>S\u00e1rospatak Gallery<\/p>\n<p>1998 Sz\u00edn-Folt Gallery, Kaposv\u00e1r<\/p>\n<p>1999 Mega Center md studio Gallery, Budapest<\/p>\n<p>2000 \u00dajpest Gallery, Budapest<\/p>\n<p>2001 MTM New Theatre Gallery, Budapest<\/p>\n<p>2002 City Art Gallery, Stockholm, Sweden,<\/p>\n<p><span class=\"Apple-converted-space\">\u00a0 \u00a0 \u00a0 \u00a0 \u00a0 <\/span>Erlin Gallery, Budapest,<\/p>\n<p><span class=\"Apple-converted-space\">\u00a0 \u00a0 \u00a0 \u00a0 \u00a0 <\/span>Gallery IX, Budapest,<\/p>\n<p><span class=\"Apple-converted-space\">\u00a0 \u00a0 \u00a0 \u00a0 \u00a0 <\/span>\u00dajlip\u00f3tv\u00e1rosi Gallery, Budapest,<\/p>\n<p><span class=\"Apple-converted-space\">\u00a0 \u00a0 \u00a0 \u00a0 \u00a0 <\/span>Miskolc Gallery,<\/p>\n<p><span class=\"Apple-converted-space\">\u00a0 \u00a0 \u00a0 \u00a0 \u00a0 <\/span>Gallery B, Szeged<\/p>\n<p>2004 Csongr\u00e1d Gallery, Csongr\u00e1d<\/p>\n<p>2005 \u00d6koll\u00e9gium Art Gallery, Budapest<\/p>\n<p>2006 Art 9 Gallery, Budapest<\/p>\n<p>2007 Ferenczy Gallery, P\u00e9cs<\/p>\n<p>2008 R\u00e1day Picture Gallery, Budapest<\/p>\n<p>2009 Kondor B\u00e9la Gallery, Sz\u00e9kesfeh\u00e9rv\u00e1r,<\/p>\n<p><span class=\"Apple-converted-space\">\u00a0 \u00a0 \u00a0 \u00a0 \u00a0 <\/span>Art Center, Rautila, Finland,<\/p>\n<p><span class=\"Apple-converted-space\">\u00a0 \u00a0 \u00a0 \u00a0 \u00a0 <\/span>Karinthy Salon, Budapest,<\/p>\n<p><span class=\"Apple-converted-space\">\u00a0 \u00a0 \u00a0 \u00a0 \u00a0 <\/span>Kirjasto Galleria, Vehmaa City Library, Finland<\/p>\n<p>2010 Gallery IX, Budapest,<\/p>\n<p><span class=\"Apple-converted-space\">\u00a0 \u00a0 \u00a0 \u00a0 \u00a0 <\/span>Szombathely Gallery, Szombathely<\/p>\n<p><span class=\"Apple-converted-space\">\u00a0 \u00a0 \u00a0 \u00a0 \u00a0 <\/span>Art Museum, Satu Mare, Romania,<\/p>\n<p><span class=\"Apple-converted-space\">\u00a0 \u00a0 \u00a0 \u00a0 \u00a0 <\/span>Ingeborg Zweym\u00fcller Gallery, Baden bei Wien, Austria<\/p>\n<p>2011 SZTE JGYPK Department of Drawing &#8211; Art History Gallery Szeged<\/p>\n<p>2012 Ga\u00e1l Imre Gallery Budapest,<\/p>\n<p><span class=\"Apple-converted-space\">\u00a0 \u00a0 \u00a0 \u00a0 \u00a0 \u00daj<\/span>\u00a0Kriterion Gallery Cs\u00edkszereda, 2012 Romania,<\/p>\n<p><span class=\"Apple-converted-space\">\u00a0 \u00a0 \u00a0 \u00a0 \u00a0 <\/span>House of Hungarian Artists \/Palm House\/Budapest,<\/p>\n<p><span class=\"Apple-converted-space\">\u00a0 \u00a0 \u00a0 \u00a0 \u00a0 <\/span>Tower Gallery Sopron<\/p>\n<p><span class=\"Apple-converted-space\">\u00a0 \u00a0 \u00a0 \u00a0 \u00a0 <\/span>Ferencv\u00e1ros Local History Collection Budapest<\/p>\n<p>2013 Association of Hungarian Architects K\u00f3s K\u00e1roly Gallery Budapest<\/p>\n<p>2014 SIMEZA Gallery Bucharest Romania<\/p>\n<p><span class=\"Apple-converted-space\">\u00a0 \u00a0 \u00a0 \u00a0 \u00a0 <\/span>Mansfeld P\u00e9ter Gallery Budapest<\/p>\n<p><span class=\"Apple-converted-space\">\u00a0 \u00a0 \u00a0 \u00a0 \u00a0 <\/span>Hungarian Workshop Gallery Budapest<\/p>\n<p>&nbsp;<\/p>\n<p><strong>Awards &#8211; scholarships<\/strong><\/p>\n<p>1982 Young Artists Studio Award, Imre Mad\u00e1ch competition, Xantus J\u00e1nos Museum Gy\u0151r<\/p>\n<p>1984 Scholarship from Paris<\/p>\n<p>2006 &#8222;For Ferencv\u00e1ros&#8221; Medal<\/p>\n<p>2007 Ploiesti City Museum Prize, VII International Biennale of Reproduced Graphic Art &#8222;Iosif Iser&#8221; Prize<span class=\"Apple-converted-space\">\u00a0 \u00a0 \u00a0 \u00a0 \u00a0 \u00a0<\/span><\/p>\n<p>2008 Rome scholarship, Hungart scholarship<\/p>\n<p>2013 Four Elements Award of the National Association of Hungarian Artists<\/p>\n<p>&nbsp;<\/p>\n<p>The graphic &#8222;<strong>TAPIS<\/strong>&#8221; is on a sheet of white cardboard A3, the graphic is signed.<span class=\"Apple-converted-space\">\u00a0<\/span><\/p>\n<p>Anyone who is familiar with the work and exhibitions of graphic artist Antal V\u00e1s\u00e1rhelyi will know that this work, in addition to its aesthetic and artistic value, can also be considered a serious investment.<\/p>\n<p>We recommend it to everyone!<\/p>\n<p>&nbsp;<\/p>\n<p>(Photos by B\u00e1lint Erd\u00e9ly, photographer)<\/p>\n","protected":false},"featured_media":2174,"template":"","class_list":["post-2173","product","type-product","status-publish","has-post-thumbnail","hentry"],"acf":[],"_links":{"self":[{"href":"https:\/\/erdelyivakiskola.org\/hu\/wp-json\/wp\/v2\/product\/2173","targetHints":{"allow":["GET"]}}],"collection":[{"href":"https:\/\/erdelyivakiskola.org\/hu\/wp-json\/wp\/v2\/product"}],"about":[{"href":"https:\/\/erdelyivakiskola.org\/hu\/wp-json\/wp\/v2\/types\/product"}],"wp:featuredmedia":[{"embeddable":true,"href":"https:\/\/erdelyivakiskola.org\/hu\/wp-json\/wp\/v2\/media\/2174"}],"wp:attachment":[{"href":"https:\/\/erdelyivakiskola.org\/hu\/wp-json\/wp\/v2\/media?parent=2173"}],"curies":[{"name":"wp","href":"https:\/\/api.w.org\/{rel}","templated":true}]}}