{"id":2156,"date":"2022-02-07T12:32:19","date_gmt":"2022-02-07T10:32:19","guid":{"rendered":"https:\/\/erdelyivakiskola.org\/?post_type=product&#038;p=2156"},"modified":"2023-07-12T11:38:15","modified_gmt":"2023-07-12T09:38:15","slug":"magyar-tibeti-hangtal","status":"publish","type":"product","link":"https:\/\/erdelyivakiskola.org\/hu\/product\/magyar-tibeti-hangtal\/","title":{"rendered":"Tibeti hangt\u00e1l"},"content":{"rendered":"<p>M\u00e1r az eg\u00e9szen korai ember is haszn\u00e1lt s\u00edpot, dobot \u00e9s m\u00e1s, a t\u00f6rt\u00e9nelmi m\u00falt hom\u00e1ly\u00e1ba vesz\u0151 eszk\u00f6z\u00f6ket hangszerk\u00e9nt, hangk\u00f6zvet\u00edt\u00e9sre: ijeszt\u00e9sre, udvarl\u00e1shoz, a b\u00e1nat, a gy\u00e1sz \u00e9s az \u00f6r\u00f6m kifejez\u00e9s\u00e9re, egy\u00fcttm\u0171k\u00f6d\u00e9s kifejez\u00e9s\u00e9re, m\u0171v\u00e9szi \u00f6nkifejez\u00e9shez, j\u00f3kedv kifejez\u00e9s\u00e9re \u00e9s m\u00e9g sok egy\u00e9b m\u00e1sra .<\/p>\n<p>Nep\u00e1lban \u00e9s Indi\u00e1ban \u00e9l az a hit, hogy minden hangb\u00f3l keletkezett, a kozmosz, az istenek \u00e9s az emberek.<\/p>\n<p>A vall\u00e1sokhoz azt\u00e1n rengeteg emberi \u00e9s eszk\u00f6z \u00e1ltal keltett hang k\u00f6t\u0151dik. De ugyan\u00edgy ismerj\u00fck a k\u00fcl\u00f6nf\u00e9le gy\u00f3gy\u00edt\u00f3 c\u00e9l\u00fa k\u00e1nt\u00e1l\u00e1sokat a term\u00e9szeti n\u00e9pekn\u00e9l. S\u00e1m\u00e1nok, t\u00e1ltosok \u00e9ltek, \u00e9lnek vele sokszor an\u00e9lk\u00fcl, hogy tudn\u00e1k, hogy a hang tulajdonk\u00e9ppen egy saj\u00e1tos energi\u00e1val rendelkez\u0151 hull\u00e1m, amely a f\u00fcl\u00fcnk\u00f6n t\u00fal eg\u00e9sz l\u00e9ny\u00fcnkre, minden sejt\u00fcnkre hat\u00e1ssal van.<\/p>\n<p>Ezt a hull\u00e1m-tulajdons\u00e1got haszn\u00e1lja ki az ember, amikor a tibeti hangt\u00e1lakat h\u00edvja seg\u00edts\u00e9g\u00fcl, ha az eg\u00e9szs\u00e9ges egyens\u00faly felborul ak\u00e1r fizikai\/testi, ak\u00e1r ment\u00e1lis, szellemi vagy energetikai szinten a szervezet\u00e9ben.<\/p>\n<p>Ez a kisebb m\u00e9ret\u0171 hangt\u00e1l 4 cm magas, 9 cm sz\u00e9les.<\/p>\n<p>Haszn\u00e1lj\u00e1k eg\u00e9szs\u00e9ggel<\/p>","protected":false},"featured_media":2159,"template":"","class_list":["post-2156","product","type-product","status-publish","has-post-thumbnail","hentry"],"acf":[],"_links":{"self":[{"href":"https:\/\/erdelyivakiskola.org\/hu\/wp-json\/wp\/v2\/product\/2156","targetHints":{"allow":["GET"]}}],"collection":[{"href":"https:\/\/erdelyivakiskola.org\/hu\/wp-json\/wp\/v2\/product"}],"about":[{"href":"https:\/\/erdelyivakiskola.org\/hu\/wp-json\/wp\/v2\/types\/product"}],"wp:featuredmedia":[{"embeddable":true,"href":"https:\/\/erdelyivakiskola.org\/hu\/wp-json\/wp\/v2\/media\/2159"}],"wp:attachment":[{"href":"https:\/\/erdelyivakiskola.org\/hu\/wp-json\/wp\/v2\/media?parent=2156"}],"curies":[{"name":"wp","href":"https:\/\/api.w.org\/{rel}","templated":true}]}}