{"id":2151,"date":"2022-02-07T11:10:16","date_gmt":"2022-02-07T09:10:16","guid":{"rendered":"https:\/\/erdelyivakiskola.org\/?post_type=product&#038;p=2151"},"modified":"2026-05-01T02:15:54","modified_gmt":"2026-05-01T00:15:54","slug":"magyar-habkorall-csuklomala","status":"publish","type":"product","link":"https:\/\/erdelyivakiskola.org\/hu\/product\/magyar-habkorall-csuklomala\/","title":{"rendered":"Coral mala bracelet"},"content":{"rendered":"<p>The function of the mala is to measure how many of each mantra has been said by folding the eyes once during the practice. Malas are also popular simply hung around the neck or worn on the wrist as jewellery.<\/p>\n<p>The mala has 21 foam coral grains with a lotus flower pendant.<\/p>\n<p>Wear it in good health!<\/p>\n<p>This item was offered to us by <a href=\"https:\/\/www.facebook.com\/GaneshaBazaar\">Ganesha<\/a> Bazaar. Thank you!<\/p>\n<p>(Photos by B\u00e1lint El\u0151d Erd\u00e9ly, photographer)<\/p>\n","protected":false},"featured_media":2155,"template":"","class_list":["post-2151","product","type-product","status-publish","has-post-thumbnail","hentry"],"acf":[],"_links":{"self":[{"href":"https:\/\/erdelyivakiskola.org\/hu\/wp-json\/wp\/v2\/product\/2151","targetHints":{"allow":["GET"]}}],"collection":[{"href":"https:\/\/erdelyivakiskola.org\/hu\/wp-json\/wp\/v2\/product"}],"about":[{"href":"https:\/\/erdelyivakiskola.org\/hu\/wp-json\/wp\/v2\/types\/product"}],"wp:featuredmedia":[{"embeddable":true,"href":"https:\/\/erdelyivakiskola.org\/hu\/wp-json\/wp\/v2\/media\/2155"}],"wp:attachment":[{"href":"https:\/\/erdelyivakiskola.org\/hu\/wp-json\/wp\/v2\/media?parent=2151"}],"curies":[{"name":"wp","href":"https:\/\/api.w.org\/{rel}","templated":true}]}}