{"id":2111,"date":"2022-01-20T09:43:21","date_gmt":"2022-01-20T07:43:21","guid":{"rendered":"https:\/\/erdelyivakiskola.org\/?post_type=product&#038;p=2111"},"modified":"2026-04-05T19:17:33","modified_gmt":"2026-04-05T17:17:33","slug":"magyar-magyar-cimeres-keramia-disztanyer","status":"publish","type":"product","link":"https:\/\/erdelyivakiskola.org\/hu\/product\/magyar-magyar-cimeres-keramia-disztanyer\/","title":{"rendered":"Ceramic plate with Hungarian coat of arms"},"content":{"rendered":"<p>The work of L\u00e1szl\u00f3 J\u00f3zsa, master potter from Korond (Transilvania).<\/p>\n<p>In addition to traditional Korondi ceramics, he also makes unique innovations, from miniature pots (0.5 millimetres) to floor vases of 1.80 metres. His tiled stoves have been exported to Bucharest, Hungary and Germany. His pots are painted by his wife, M\u00e1rta J\u00f3zsa. His needle-engraved lace patterned plates stand alone.<\/p>\n<p>He is a founding member of the Firtos Cultural Association and the Korondi Pottery Association.<\/p>\n<p>This ceramic decorative plate measures 24 cm in diameter, with Saxon motifs and colours, and a Hungarian coat of arms in the centre. On the plate is the inscription &#8222;God bless the Hungarian&#8221;.<\/p>\n<p>We are happy to recommend it to everyone.<\/p>\n<p>Use it in good health!<\/p>\n<p>(Photos by Erd\u00e9ly B\u00e1lint El\u0151d photographer)<\/p>\n<p>&nbsp;<\/p>\n","protected":false},"featured_media":2112,"template":"","class_list":["post-2111","product","type-product","status-publish","has-post-thumbnail","hentry"],"acf":[],"_links":{"self":[{"href":"https:\/\/erdelyivakiskola.org\/hu\/wp-json\/wp\/v2\/product\/2111","targetHints":{"allow":["GET"]}}],"collection":[{"href":"https:\/\/erdelyivakiskola.org\/hu\/wp-json\/wp\/v2\/product"}],"about":[{"href":"https:\/\/erdelyivakiskola.org\/hu\/wp-json\/wp\/v2\/types\/product"}],"wp:featuredmedia":[{"embeddable":true,"href":"https:\/\/erdelyivakiskola.org\/hu\/wp-json\/wp\/v2\/media\/2112"}],"wp:attachment":[{"href":"https:\/\/erdelyivakiskola.org\/hu\/wp-json\/wp\/v2\/media?parent=2111"}],"curies":[{"name":"wp","href":"https:\/\/api.w.org\/{rel}","templated":true}]}}