{"id":2101,"date":"2022-01-19T12:28:33","date_gmt":"2022-01-19T10:28:33","guid":{"rendered":"https:\/\/erdelyivakiskola.org\/?post_type=product&#038;p=2101"},"modified":"2026-04-30T02:16:35","modified_gmt":"2026-04-30T00:16:35","slug":"magyar-magyar-cimeres-keramia-kancso","status":"publish","type":"product","link":"https:\/\/erdelyivakiskola.org\/hu\/product\/magyar-magyar-cimeres-keramia-kancso\/","title":{"rendered":"Ceramic jug with Hungarian crest"},"content":{"rendered":"<p>The jug is the work of Mih\u00e1ly V\u00e9szi Ily\u00e9s, master potter from Korond (Transilvania).<\/p>\n<p>Enamelled inside and outside, twice fired, hand-moulded and hand-drawn, with original Korondi design. Environmentally friendly, the paint does not contain lead.<\/p>\n<p>The jug is 25 cm high and can hold three litres of liquid. The bottom of the jug bears the artist&#8217;s signature.<\/p>\n<p>The jug is guaranteed waterproof and has not only aesthetic but also practical value. It can be used as a decoration or as an everyday object for water or wine.<\/p>\n<p>Use it in good health!<\/p>\n<p>(Photos by B\u00e1lint El\u0151d Erd\u00e9ly, photographer)<\/p>\n","protected":false},"featured_media":2103,"template":"","class_list":["post-2101","product","type-product","status-publish","has-post-thumbnail","hentry"],"acf":[],"_links":{"self":[{"href":"https:\/\/erdelyivakiskola.org\/hu\/wp-json\/wp\/v2\/product\/2101","targetHints":{"allow":["GET"]}}],"collection":[{"href":"https:\/\/erdelyivakiskola.org\/hu\/wp-json\/wp\/v2\/product"}],"about":[{"href":"https:\/\/erdelyivakiskola.org\/hu\/wp-json\/wp\/v2\/types\/product"}],"wp:featuredmedia":[{"embeddable":true,"href":"https:\/\/erdelyivakiskola.org\/hu\/wp-json\/wp\/v2\/media\/2103"}],"wp:attachment":[{"href":"https:\/\/erdelyivakiskola.org\/hu\/wp-json\/wp\/v2\/media?parent=2101"}],"curies":[{"name":"wp","href":"https:\/\/api.w.org\/{rel}","templated":true}]}}