{"id":2084,"date":"2022-01-14T12:50:36","date_gmt":"2022-01-14T10:50:36","guid":{"rendered":"https:\/\/erdelyivakiskola.org\/?post_type=product&#038;p=2084"},"modified":"2026-04-30T15:18:21","modified_gmt":"2026-04-30T13:18:21","slug":"magyar-seder-gabor-szinmuvesz-festmenye","status":"publish","type":"product","link":"https:\/\/erdelyivakiskola.org\/hu\/product\/magyar-seder-gabor-szinmuvesz-festmenye\/","title":{"rendered":"Painting by actor G\u00e1bor Seder"},"content":{"rendered":"<p>A painting by G\u00e1bor Seder actor and voice actor, who was born in Beregsz\u00e1sz (Berehovo, Ukraine). He actually lives in Hungary, he is currently working as a voice actor, and has dubbed in many films, cartoons and animations. His voice and vocal skills allow him to dub many different types of characters (who doesn&#8217;t remember the voice of Olaf from Frozen?)<\/p>\n<p>The canvas painting is dated (30.12.2020), signed. 30 cm wide, 25 cm high, unframed.<\/p>\n<p>The painting depicts a barely rippling surface of water with islands of lush vegetation.<\/p>\n<p>Anyone who knows G\u00e1bor Seder, an actor and voice actor, will know that his paintings make excellent investments.<\/p>\n<p>We recommend it to everyone!<\/p>\n<p>(Photos by photographer B\u00e1lint Erd\u00e9ly)<\/p>\n<p>Translated with www.DeepL.com\/Translator (free version)<\/p>\n","protected":false},"featured_media":2085,"template":"","class_list":["post-2084","product","type-product","status-publish","has-post-thumbnail","hentry"],"acf":[],"_links":{"self":[{"href":"https:\/\/erdelyivakiskola.org\/hu\/wp-json\/wp\/v2\/product\/2084","targetHints":{"allow":["GET"]}}],"collection":[{"href":"https:\/\/erdelyivakiskola.org\/hu\/wp-json\/wp\/v2\/product"}],"about":[{"href":"https:\/\/erdelyivakiskola.org\/hu\/wp-json\/wp\/v2\/types\/product"}],"wp:featuredmedia":[{"embeddable":true,"href":"https:\/\/erdelyivakiskola.org\/hu\/wp-json\/wp\/v2\/media\/2085"}],"wp:attachment":[{"href":"https:\/\/erdelyivakiskola.org\/hu\/wp-json\/wp\/v2\/media?parent=2084"}],"curies":[{"name":"wp","href":"https:\/\/api.w.org\/{rel}","templated":true}]}}