{"id":2032,"date":"2022-01-11T11:21:46","date_gmt":"2022-01-11T09:21:46","guid":{"rendered":"https:\/\/erdelyivakiskola.org\/?post_type=product&#038;p=2032"},"modified":"2026-03-17T09:59:59","modified_gmt":"2026-03-17T07:59:59","slug":"magyar-emlekplakett-lux-adam-szinesztol","status":"publish","type":"product","link":"https:\/\/erdelyivakiskola.org\/hu\/product\/magyar-emlekplakett-lux-adam-szinesztol\/","title":{"rendered":"Lux \u00c1d\u00e1m sz\u00ednm\u0171v\u00e9sz eml\u00e9kplakettje"},"content":{"rendered":"<p>Az eml\u00e9kplakett a \u201cPadl\u00e1s\u201d c\u00edm\u0171 el\u0151ad\u00e1s 600. el\u0151ad\u00e1s\u00e1ra k\u00e9sz\u00fclt 2005. 10. 16. -i d\u00e1tummal. Az eml\u00e9kplakett 17X 21 cm kerettel egy\u00fctt, fekete keretes, feliratos. \u201cLux \u00c1d\u00e1mnak szeretettel\u201d, al\u00e1\u00edrva: Presser G\u00e1bor, Sztevanovity Dus\u00e1n \u00e9s Horv\u00e1th P\u00e9ter.<\/p>\n<p>A Padl\u00e1s Presser G\u00e1bor, Sztevanovity Dus\u00e1n \u00e9s Horv\u00e1th P\u00e9ter f\u00e9lig mese \u2013 f\u00e9lig musicalje. Az \u0151sbemutat\u00f3j\u00e1ra 1988. janu\u00e1r 27-\u00e9n ker\u00fclt sor a V\u00edgsz\u00ednh\u00e1zban, Marton L\u00e1szl\u00f3 rendez\u00e9s\u00e9ben, ahol az\u00f3ta t\u00f6retlen sikerrel j\u00e1tssz\u00e1k. A m\u0171 egy bet\u00f6r\u00e9s, k\u00e9t szerelmes fiatal \u00e9s n\u00e9gy, a t\u00falvil\u00e1got keres\u0151 szellem t\u00f6rt\u00e9net\u00e9t mes\u00e9li el. Az \u0151sbemutat\u00f3 \u00f3ta sz\u00e1mos egy\u00e9b sz\u00ednh\u00e1zban bemutatt\u00e1k m\u00e1r. A budapesti V\u00edgsz\u00ednh\u00e1zban az el\u0151ad\u00e1s j\u00f3val meghaladta az 1000. telt h\u00e1zas el\u0151ad\u00e1st.<\/p>\n<p>Az eml\u00e9kplakettnek \u00f6nmag\u00e1ban is eszmei \u00e9rt\u00e9ke van, a Padl\u00e1s el\u0151ad\u00e1s szerz\u0151inek &#8211; Presser G\u00e1bor, Sztevanovity Dus\u00e1n \u00e9s Horv\u00e1th P\u00e9ter &#8211; al\u00e1\u00edr\u00e1sa csak n\u00f6veli ezt az \u00e9rt\u00e9ket.<span class=\"Apple-converted-space\">\u00a0<\/span><\/p>\n<p>Aj\u00e1nljuk figyelm\u00e9be minden kult\u00far\u00e1t szeret\u0151nek \u00e9s fogyaszt\u00f3nak.<\/p>\n<p>&nbsp;<\/p>\n<p>(A fot\u00f3kat Erd\u00e9ly B\u00e1lint El\u0151d fot\u00f3m\u0171v\u00e9sz k\u00e9sz\u00edtette)<\/p>","protected":false},"featured_media":2033,"template":"","class_list":["post-2032","product","type-product","status-publish","has-post-thumbnail","hentry"],"acf":[],"_links":{"self":[{"href":"https:\/\/erdelyivakiskola.org\/hu\/wp-json\/wp\/v2\/product\/2032","targetHints":{"allow":["GET"]}}],"collection":[{"href":"https:\/\/erdelyivakiskola.org\/hu\/wp-json\/wp\/v2\/product"}],"about":[{"href":"https:\/\/erdelyivakiskola.org\/hu\/wp-json\/wp\/v2\/types\/product"}],"wp:featuredmedia":[{"embeddable":true,"href":"https:\/\/erdelyivakiskola.org\/hu\/wp-json\/wp\/v2\/media\/2033"}],"wp:attachment":[{"href":"https:\/\/erdelyivakiskola.org\/hu\/wp-json\/wp\/v2\/media?parent=2032"}],"curies":[{"name":"wp","href":"https:\/\/api.w.org\/{rel}","templated":true}]}}