{"id":1986,"date":"2021-12-15T10:27:22","date_gmt":"2021-12-15T08:27:22","guid":{"rendered":"https:\/\/erdelyivakiskola.org\/?post_type=product&#038;p=1986"},"modified":"2026-04-30T15:18:21","modified_gmt":"2026-04-30T13:18:21","slug":"magyar-korondi-szasz-mintas-keramia-vaza","status":"publish","type":"product","link":"https:\/\/erdelyivakiskola.org\/hu\/product\/magyar-korondi-szasz-mintas-keramia-vaza\/","title":{"rendered":"Korondi ceramic vase with Saxon pattern"},"content":{"rendered":"<p>Ceramic vase from Korond (Transilvania). \u00a0The vase is work of Mih\u00e1ly V\u00e9szti Ily\u00e9s, master potter from Korond. Inside and outside enamelled, twice fired, hand-drawn, chequered Saxon patterned handicraft work. Environmentally friendly, the paint does not contain lead. The vase is guaranteed to hold water and has not only aesthetic but also practical value. It can be used as a decoration or as an everyday object.<\/p>\n<p>The beautiful vase is 32 cm high and bears the artist&#8217;s signature on the base.<\/p>\n<p>(Photos by B\u00e1lint El\u0151d Erd\u00e9ly, photographer.)<\/p>\n","protected":false},"featured_media":1987,"template":"","class_list":["post-1986","product","type-product","status-publish","has-post-thumbnail","hentry"],"acf":[],"_links":{"self":[{"href":"https:\/\/erdelyivakiskola.org\/hu\/wp-json\/wp\/v2\/product\/1986","targetHints":{"allow":["GET"]}}],"collection":[{"href":"https:\/\/erdelyivakiskola.org\/hu\/wp-json\/wp\/v2\/product"}],"about":[{"href":"https:\/\/erdelyivakiskola.org\/hu\/wp-json\/wp\/v2\/types\/product"}],"wp:featuredmedia":[{"embeddable":true,"href":"https:\/\/erdelyivakiskola.org\/hu\/wp-json\/wp\/v2\/media\/1987"}],"wp:attachment":[{"href":"https:\/\/erdelyivakiskola.org\/hu\/wp-json\/wp\/v2\/media?parent=1986"}],"curies":[{"name":"wp","href":"https:\/\/api.w.org\/{rel}","templated":true}]}}