{"id":1852,"date":"2021-12-13T14:36:17","date_gmt":"2021-12-13T12:36:17","guid":{"rendered":"https:\/\/erdelyivakiskola.org\/?post_type=product&#038;p=1852"},"modified":"2022-08-16T19:13:15","modified_gmt":"2022-08-16T17:13:15","slug":"1852","status":"publish","type":"product","link":"https:\/\/erdelyivakiskola.org\/hu\/product\/1852\/","title":{"rendered":"Bronz foglalat\u00fa aragonit med\u00e1l"},"content":{"rendered":"<p>Csepp alak\u00fa, domin\u00e1nsan s\u00f6t\u00e9t t\u00f3nus\u00fa med\u00e1l. Hossza foglalattal egy\u00fctt 30 mm, sz\u00e9less\u00e9ge 22 mm, vastags\u00e1ga 5 mm. A med\u00e1l csepp alak\u00fa, alapvet\u0151en s\u00f6t\u00e9tsz\u00fcrke f\u00fcgg\u00f6nyszer\u0171 erezettel, az \u00e9kszer als\u00f3 egyharmada vil\u00e1gos sz\u00fcrke. Az aragonit bronz foglalat\u00fa, f\u00e9ny hat\u00e1s\u00e1ra az \u00e9kszer megmutatja a b\u00edborv\u00f6r\u00f6s \u00e1rnyalatait is. Gy\u00e1rt\u00e1sa a k\u0151 megform\u00e1l\u00e1s\u00e1t\u00f3l a foglalat feltev\u00e9s\u00e9ig 6 munka\u00f3r\u00e1t vett ig\u00e9nybe. A f\u00e9ldr\u00e1gak\u0151 teljes eg\u00e9sz\u00e9ben k\u00e9zzel k\u00e9sz\u00fclt, l\u00e1t\u00e1ss\u00e9r\u00fcltek csiszolt\u00e1k t\u00f6bb f\u00e1zisban.<span class=\"Apple-converted-space\">\u00a0<\/span><\/p>\n<p>(A fot\u00f3kat Erd\u00e9ly B\u00e1lint El\u0151d fot\u00f3m\u0171v\u00e9sz k\u00e9sz\u00edtette)<\/p>","protected":false},"featured_media":1855,"template":"","class_list":["post-1852","product","type-product","status-publish","has-post-thumbnail","hentry"],"acf":[],"_links":{"self":[{"href":"https:\/\/erdelyivakiskola.org\/hu\/wp-json\/wp\/v2\/product\/1852","targetHints":{"allow":["GET"]}}],"collection":[{"href":"https:\/\/erdelyivakiskola.org\/hu\/wp-json\/wp\/v2\/product"}],"about":[{"href":"https:\/\/erdelyivakiskola.org\/hu\/wp-json\/wp\/v2\/types\/product"}],"wp:featuredmedia":[{"embeddable":true,"href":"https:\/\/erdelyivakiskola.org\/hu\/wp-json\/wp\/v2\/media\/1855"}],"wp:attachment":[{"href":"https:\/\/erdelyivakiskola.org\/hu\/wp-json\/wp\/v2\/media?parent=1852"}],"curies":[{"name":"wp","href":"https:\/\/api.w.org\/{rel}","templated":true}]}}