{"id":929,"date":"2020-12-18T12:10:20","date_gmt":"2020-12-18T10:10:20","guid":{"rendered":"https:\/\/erdelyivakiskola.org\/?page_id=929"},"modified":"2021-01-07T16:19:27","modified_gmt":"2021-01-07T14:19:27","slug":"donation-list","status":"publish","type":"page","link":"https:\/\/erdelyivakiskola.org\/hu\/donation-list\/","title":{"rendered":"T\u00e1mogat\u00f3k list\u00e1ja"},"content":{"rendered":"","protected":false},"excerpt":{"rendered":"","protected":false},"author":2,"featured_media":0,"parent":0,"menu_order":13,"comment_status":"closed","ping_status":"closed","template":"templates\/donate_list.php","meta":{"_acf_changed":false,"footnotes":""},"class_list":["post-929","page","type-page","status-publish","hentry"],"acf":[],"_links":{"self":[{"href":"https:\/\/erdelyivakiskola.org\/hu\/wp-json\/wp\/v2\/pages\/929","targetHints":{"allow":["GET"]}}],"collection":[{"href":"https:\/\/erdelyivakiskola.org\/hu\/wp-json\/wp\/v2\/pages"}],"about":[{"href":"https:\/\/erdelyivakiskola.org\/hu\/wp-json\/wp\/v2\/types\/page"}],"author":[{"embeddable":true,"href":"https:\/\/erdelyivakiskola.org\/hu\/wp-json\/wp\/v2\/users\/2"}],"replies":[{"embeddable":true,"href":"https:\/\/erdelyivakiskola.org\/hu\/wp-json\/wp\/v2\/comments?post=929"}],"version-history":[{"count":4,"href":"https:\/\/erdelyivakiskola.org\/hu\/wp-json\/wp\/v2\/pages\/929\/revisions"}],"predecessor-version":[{"id":1022,"href":"https:\/\/erdelyivakiskola.org\/hu\/wp-json\/wp\/v2\/pages\/929\/revisions\/1022"}],"wp:attachment":[{"href":"https:\/\/erdelyivakiskola.org\/hu\/wp-json\/wp\/v2\/media?parent=929"}],"curies":[{"name":"wp","href":"https:\/\/api.w.org\/{rel}","templated":true}]}}