{"id":925,"date":"2020-12-18T09:44:35","date_gmt":"2020-12-18T07:44:35","guid":{"rendered":"https:\/\/erdelyivakiskola.org\/?page_id=925"},"modified":"2026-04-20T09:05:27","modified_gmt":"2026-04-20T07:05:27","slug":"donation-description","status":"publish","type":"page","link":"https:\/\/erdelyivakiskola.org\/hu\/donation-description\/","title":{"rendered":"Az adom\u00e1nyoz\u00e1sr\u00f3l"},"content":{"rendered":"<p><\/p>\n<h6 class=\"p1\">Mi\u00e9rt kell a l\u00e1t\u00e1ss\u00e9r\u00fclteknek magyar tannyelv\u0171 oktat\u00e1si int\u00e9zm\u00e9ny? Mert nincs \u00e9s gyerekeinknek sz\u00fcks\u00e9ge van r\u00e1!<\/h6>\n<h6 class=\"p1\">Mi\u00e9rt kell rehabilit\u00e1ci\u00f3s k\u00f6zpont a l\u00e1t\u00e1ss\u00e9r\u00fclt feln\u0151tteknek? Mert nincs \u00e9s a l\u00e1t\u00e1ss\u00e9r\u00fclt feln\u0151tteknek sz\u00fcks\u00e9ge van r\u00e1!<\/h6>\n<p>Az <b>Erd\u00e9lyi Magyar L\u00e1t\u00e1ss\u00e9r\u00fcltek\u00e9rt Alap\u00edtv\u00e1ny\u00a0<\/b>a Rom\u00e1ni\u00e1ban \u00e9l\u0151, magyar ajk\u00fa l\u00e1t\u00e1ss\u00e9r\u00fcltek \u00e9rdek\u00e9ben tev\u00e9kenykedik. Egy magyar tannyelv\u0171, bentlak\u00e1sos oktat\u00e1si int\u00e9zm\u00e9ny \u00e9s egy elemi rehabilit\u00e1ci\u00f3s k\u00f6zpont l\u00e9trehoz\u00e1s\u00e1n dolgozunk. Ennek a nemes \u00fcgynek a megval\u00f3sul\u00e1s\u00e1hoz most az \u00d6n hozz\u00e1j\u00e1rul\u00e1s\u00e1t is k\u00e9rj\u00fck.<\/p>\n<p>&nbsp;<\/p>\n<p><iframe loading=\"lazy\" src=\"https:\/\/www.youtube.com\/embed\/fuzmuUkWap4\" width=\"560\" height=\"315\" frameborder=\"0\" allowfullscreen=\"allowfullscreen\"><\/iframe><\/p>\n<p>&nbsp;<\/p>\n<p><b>Fontos m\u00e9rf\u00f6ldk\u0151 az erd\u00e9lyi magyar vakok \u00e9s gyeng\u00e9nl\u00e1t\u00f3k \u00fcgy\u00e9ben!<\/b><\/p>\n<p><em>&#8222;Az Isten pedig hatalmas arra, hogy r\u00e1tok \u00e1rassza minden kegyelm\u00e9t, hogy mindenben, mindenkor teljes el\u00e9gs\u00e9gtek l\u00e9v\u00e9n, minden j\u00f3t\u00e9tem\u00e9nyre b\u0151s\u00e9gben legyetek&#8221; 2Kor. 9\/8<\/em><\/p>\n<p>Az EMLA 2018 \u00f3ta dolgozik Erd\u00e9lyben az 1920-ban megsz\u00fcntetett Kolozsv\u00e1ri Orsz\u00e1gos Vakok Int\u00e9zete (hivatalos nev\u00e9n: Kolozsv\u00e1ri Vakok Orsz\u00e1gos \u00c1llamilag Seg\u00e9lyezett Int\u00e9zete) \u00fajraind\u00edt\u00e1s\u00e1n, illetve a feln\u0151tt korban l\u00e1t\u00e1sukat vesztettek int\u00e9zm\u00e9nyes\u00edtett elemi rehabilit\u00e1ci\u00f3s k\u00f6zpontj\u00e1nak megteremt\u00e9s\u00e9n. 2021 szeptember\u00e9ben Magyarorsz\u00e1g Korm\u00e1ny\u00e1nak finansz\u00edroz\u00e1s\u00e1val, az Erd\u00e9lyi Reform\u00e1tus Egyh\u00e1zker\u00fcleten (EREK) kereszt\u00fcl megt\u00f6rt\u00e9nt a c\u00e9lingatlanok megv\u00e1s\u00e1rl\u00e1sa, melyeknek a funkcion\u00e1lis \u00e1talak\u00edt\u00e1sa, felszerel\u00e9se, karbantart\u00e1sa, fejleszt\u00e9se \u00e9s \u00fczemeltet\u00e9se, \u00faj \u00e9p\u00fcletek \u00e9p\u00edttet\u00e9se alap\u00edtv\u00e1nyunkra h\u00e1rul.<\/p>\n<p><a href=\"https:\/\/erdelyivakiskola.org\/wp-content\/uploads\/2021\/11\/257940606_591303025411148_8584642544702865648_n.jpg\"><img loading=\"lazy\" decoding=\"async\" class=\"alignnone wp-image-1722\" src=\"https:\/\/erdelyivakiskola.org\/wp-content\/uploads\/2021\/11\/257940606_591303025411148_8584642544702865648_n-215x300.jpg\" alt=\"\" width=\"283\" height=\"395\" srcset=\"https:\/\/erdelyivakiskola.org\/wp-content\/uploads\/2021\/11\/257940606_591303025411148_8584642544702865648_n-215x300.jpg 215w, https:\/\/erdelyivakiskola.org\/wp-content\/uploads\/2021\/11\/257940606_591303025411148_8584642544702865648_n.jpg 577w\" sizes=\"auto, (max-width: 283px) 100vw, 283px\" \/><\/a>\u00a0 <a href=\"https:\/\/erdelyivakiskola.org\/wp-content\/uploads\/2021\/11\/borito7-2-scaled-1-scaled.jpg\"><img loading=\"lazy\" decoding=\"async\" class=\"alignnone wp-image-1723\" src=\"https:\/\/erdelyivakiskola.org\/wp-content\/uploads\/2021\/11\/borito7-2-scaled-1-300x200.jpg\" alt=\"\" width=\"590\" height=\"393\" srcset=\"https:\/\/erdelyivakiskola.org\/wp-content\/uploads\/2021\/11\/borito7-2-scaled-1-300x200.jpg 300w, https:\/\/erdelyivakiskola.org\/wp-content\/uploads\/2021\/11\/borito7-2-scaled-1-1024x683.jpg 1024w, https:\/\/erdelyivakiskola.org\/wp-content\/uploads\/2021\/11\/borito7-2-scaled-1-768x512.jpg 768w, https:\/\/erdelyivakiskola.org\/wp-content\/uploads\/2021\/11\/borito7-2-scaled-1-1536x1024.jpg 1536w, https:\/\/erdelyivakiskola.org\/wp-content\/uploads\/2021\/11\/borito7-2-scaled-1-2048x1365.jpg 2048w\" sizes=\"auto, (max-width: 590px) 100vw, 590px\" \/><\/a><\/p>\n<p>&nbsp;<\/p>\n<p><b>K\u00e9rj\u00fck \u00d6nt, hogy t\u00e1mogassa a vak gyerekek tanul\u00e1s\u00e1t!<\/b><\/p>\n<p>1903-ban, t\u00f6bbnyire k\u00f6z\u00f6ss\u00e9gi \u00f6sszefog\u00e1ssal, m\u00e1r egyszer siker\u00fclt fel\u00e9p\u00edteni egy oktat\u00e1si int\u00e9zm\u00e9nyt, melyet k\u00f6z\u00f6ss\u00e9g\u00fcnk r\u00f6vid id\u0151n bel\u00fcl, 1920-ban el is vesz\u00edtett \u00e9s az\u00f3ta sincs magyar tannyelv\u0171 speci\u00e1lis oktat\u00e1s erd\u00e9lyi, magyar ajk\u00fa l\u00e1t\u00e1ss\u00e9r\u00fcltek sz\u00e1m\u00e1ra. Egy nemzet erej\u00e9nek egyik fokm\u00e9r\u0151je, hogy hogyan b\u00e1nik a fogyat\u00e9kos tagjaival. Hissz\u00fck \u00e9s valljuk, hogy nemzet\u00fcnk r\u00e9szek\u00e9nt az erd\u00e9lyi, a k\u00fclhoni magyars\u00e1g is er\u0151s, k\u00e9pes az \u00f6sszefog\u00e1sra egy j\u00f3 c\u00e9l \u00e9rdek\u00e9ben. Kedves j\u00f6vend\u0151beli t\u00e1mogat\u00f3ink, mag\u00e1nszem\u00e9lyek, kis- vagy nagyv\u00e1llalkoz\u00f3k, civilek \u00e9s nem civilek, tanul\u00f3k! Hissz\u00fck, hogy egy\u00fctt lehets\u00e9ges lesz meg\u00e9p\u00edteni, beind\u00edtani \u00e9s m\u0171k\u00f6dtetni a re\u00e1lis ig\u00e9nyekkel al\u00e1t\u00e1masztott int\u00e9zm\u00e9nyeket, hogy sok kicsi sokra megy, hiszen a tenger is cseppekb\u0151l \u00e1ll.<\/p>\n<p><strong>K\u00e9rj\u00fck \u00d6n\u00f6ket, hogy amennyiben fontosnak tartj\u00e1k projekt\u00fcnket, lehet\u0151s\u00e9geikhez m\u00e9rten adom\u00e1nyukkal t\u00e1mogass\u00e1k \u00e9s erre\u00a0biztass\u00e1k\u00a0rokonaikat, bar\u00e1taikat \u00e9s ismer\u0151seiket. J\u00d3NAK LENNI J\u00d3!<\/strong><\/p>\n<h4>Nagylelk\u0171 adom\u00e1ny\u00e1t el\u0151re k\u00f6sz\u00f6nj\u00fck!<\/h4>\n<p>&nbsp;<\/p>\n<p style=\"text-align: center;\"><a class=\"btn btn-donation btn-full\" href=\"https:\/\/erdelyivakiskola.org\/hu\/donations\/\">\u00c9n is t\u00e1mogatom<\/a><\/p>\n<p><\/p>","protected":false},"excerpt":{"rendered":"<p>Mi\u00e9rt kell a l\u00e1t\u00e1ss\u00e9r\u00fclteknek magyar tannyelv\u0171 oktat\u00e1si int\u00e9zm\u00e9ny? Mert nincs \u00e9s gyerekeinknek sz\u00fcks\u00e9ge van r\u00e1! Mi\u00e9rt kell rehabilit\u00e1ci\u00f3s k\u00f6zpont a l\u00e1t\u00e1ss\u00e9r\u00fclt feln\u0151tteknek? Mert nincs \u00e9s a l\u00e1t\u00e1ss\u00e9r\u00fclt feln\u0151tteknek sz\u00fcks\u00e9ge van r\u00e1! Az Erd\u00e9lyi Magyar L\u00e1t\u00e1ss\u00e9r\u00fcltek\u00e9rt Alap\u00edtv\u00e1ny\u00a0a Rom\u00e1ni\u00e1ban \u00e9l\u0151, magyar ajk\u00fa l\u00e1t\u00e1ss\u00e9r\u00fcltek \u00e9rdek\u00e9ben tev\u00e9kenykedik. Egy magyar tannyelv\u0171, bentlak\u00e1sos oktat\u00e1si int\u00e9zm\u00e9ny \u00e9s egy elemi rehabilit\u00e1ci\u00f3s k\u00f6zpont l\u00e9trehoz\u00e1s\u00e1n [&hellip;]<\/p>\n","protected":false},"author":2,"featured_media":0,"parent":0,"menu_order":14,"comment_status":"closed","ping_status":"closed","template":"","meta":{"_acf_changed":false,"footnotes":""},"class_list":["post-925","page","type-page","status-publish","hentry"],"acf":[],"_links":{"self":[{"href":"https:\/\/erdelyivakiskola.org\/hu\/wp-json\/wp\/v2\/pages\/925","targetHints":{"allow":["GET"]}}],"collection":[{"href":"https:\/\/erdelyivakiskola.org\/hu\/wp-json\/wp\/v2\/pages"}],"about":[{"href":"https:\/\/erdelyivakiskola.org\/hu\/wp-json\/wp\/v2\/types\/page"}],"author":[{"embeddable":true,"href":"https:\/\/erdelyivakiskola.org\/hu\/wp-json\/wp\/v2\/users\/2"}],"replies":[{"embeddable":true,"href":"https:\/\/erdelyivakiskola.org\/hu\/wp-json\/wp\/v2\/comments?post=925"}],"version-history":[{"count":89,"href":"https:\/\/erdelyivakiskola.org\/hu\/wp-json\/wp\/v2\/pages\/925\/revisions"}],"predecessor-version":[{"id":3402,"href":"https:\/\/erdelyivakiskola.org\/hu\/wp-json\/wp\/v2\/pages\/925\/revisions\/3402"}],"wp:attachment":[{"href":"https:\/\/erdelyivakiskola.org\/hu\/wp-json\/wp\/v2\/media?parent=925"}],"curies":[{"name":"wp","href":"https:\/\/api.w.org\/{rel}","templated":true}]}}