{"id":43,"date":"2019-06-26T14:51:25","date_gmt":"2019-06-26T14:51:25","guid":{"rendered":"https:\/\/erdelyivakiskola.org\/\/?page_id=43"},"modified":"2025-03-11T10:42:26","modified_gmt":"2025-03-11T08:42:26","slug":"contact","status":"publish","type":"page","link":"https:\/\/erdelyivakiskola.org\/hu\/contact\/","title":{"rendered":"Kapcsolat"},"content":{"rendered":"<p><\/p>\n<h4>Postac\u00edm<\/h4>\n<h5>Sz\u00e9khely<\/h5>\n<p>535600 Sz\u00e9kelyudvarhely<br \/>\nII. R\u00e1k\u00f3czi Ferenc 40<br \/>\nHargita megye, Rom\u00e1nia<\/p>\n<h5>Iroda<\/h5>\n<p>BARTIMEUS K\u00d6ZPONT<br \/>\n535600 Sz\u00e9kelyudvarhely<br \/>\nII. R\u00e1k\u00f3czi Ferenc \u00fat 40<br \/>\nHargita megye, Rom\u00e1nia<br \/>\ne-mail: office@erdelyivakiskola.org<\/p>\n<p>&nbsp;<\/p>\n<p>Ha seg\u00edteni szeretn\u00e9 munk\u00e1nkat, <a href=\"https:\/\/erdelyivakiskola.org\/hu\/donations\/\">ide<\/a>\u00a0kattintva k\u00f6nnyed\u00e9n megteheti. Amennyiben ink\u00e1bb saj\u00e1t banki alkalmaz\u00e1s\u00e1n kereszt\u00fcl utalna:<\/p>\n<ul>\n<li>\n<h4>Asociatia Pentru Nevazatori Maghiari din Ardeal<\/h4>\n<ul>\n<li>RON: <span lang=\"EN-US\">RO31<\/span><span lang=\"DA\">BTRL<\/span><span lang=\"DE\">RONCRT0T<\/span><span lang=\"EN-US\">13877701<\/span><\/li>\n<li>HUF: <span lang=\"EN-US\">RO49<\/span><span lang=\"DA\">BTRL<\/span><span lang=\"DE\">HUFCRT0T<\/span><span lang=\"EN-US\">13877701<\/span><\/li>\n<li>EUR: <span lang=\"EN-US\">RO16<\/span><span lang=\"DA\">BTRL<\/span><span lang=\"DE\">EURC<\/span><span lang=\"DE\">RT0T<\/span>13877701<\/li>\n<li>USD: <span lang=\"EN-US\">RO56<\/span><span lang=\"DA\">BTRL<\/span><span lang=\"EN-US\">USDC<\/span><span lang=\"DE\">RT0T<\/span>13877701<br \/>\nBANKA TRANSILVANIA<br \/>\nSwift k\u00f3d: BTRLRO22XXX<\/li>\n<\/ul>\n<h4>Fundaatia Pentru Nevazatori Maghiari din Ardeal<\/h4>\n<ul>\n<li>RON: RO76BTRLRONCRT0T15EB9E02<\/li>\n<li>EUR: RO41BTRLEURCRT0T 15EB9E01<\/li>\n<li>HUF: <span lang=\"DE\">R<\/span><span lang=\"EN-US\">O61BTRLHUFCRT0T15EB9E01<\/span><\/li>\n<li><span lang=\"EN-US\">USD: RO77BTRLUSDCRT0T15EB9E01<br \/>\n<\/span>BANKA TRANSILVANIA<br \/>\nSwift k\u00f3d: BTRLRO22XXX<\/li>\n<\/ul>\n<\/li>\n<\/ul>\n<p style=\"text-align: center;\">K\u00d6SZ\u00d6NJ\u00dcK BIZALM\u00c1T,<br \/>\nEGYES\u00dcLET\u00dcNK\/ALAP\u00cdTV\u00c1NYUNK MUNK\u00c1SS\u00c1G\u00c1NAK ELISMER\u00c9S\u00c9T!<\/p>\n<p><\/p>","protected":false},"excerpt":{"rendered":"<p>Postac\u00edm Sz\u00e9khely 535600 Sz\u00e9kelyudvarhely II. R\u00e1k\u00f3czi Ferenc 40 Hargita megye, Rom\u00e1nia Iroda BARTIMEUS K\u00d6ZPONT 535600 Sz\u00e9kelyudvarhely II. R\u00e1k\u00f3czi Ferenc \u00fat 40 Hargita megye, Rom\u00e1nia e-mail: office@erdelyivakiskola.org &nbsp; Ha seg\u00edteni szeretn\u00e9 munk\u00e1nkat, ide\u00a0kattintva k\u00f6nnyed\u00e9n megteheti. Amennyiben ink\u00e1bb saj\u00e1t banki alkalmaz\u00e1s\u00e1n kereszt\u00fcl utalna: Asociatia Pentru Nevazatori Maghiari din Ardeal RON: RO31BTRLRONCRT0T13877701 HUF: RO49BTRLHUFCRT0T13877701 EUR: RO16BTRLEURCRT0T13877701 USD: RO56BTRLUSDCRT0T13877701 [&hellip;]<\/p>\n","protected":false},"author":1,"featured_media":17,"parent":0,"menu_order":19,"comment_status":"closed","ping_status":"closed","template":"","meta":{"_acf_changed":false,"footnotes":""},"class_list":["post-43","page","type-page","status-publish","has-post-thumbnail","hentry"],"acf":[],"_links":{"self":[{"href":"https:\/\/erdelyivakiskola.org\/hu\/wp-json\/wp\/v2\/pages\/43","targetHints":{"allow":["GET"]}}],"collection":[{"href":"https:\/\/erdelyivakiskola.org\/hu\/wp-json\/wp\/v2\/pages"}],"about":[{"href":"https:\/\/erdelyivakiskola.org\/hu\/wp-json\/wp\/v2\/types\/page"}],"author":[{"embeddable":true,"href":"https:\/\/erdelyivakiskola.org\/hu\/wp-json\/wp\/v2\/users\/1"}],"replies":[{"embeddable":true,"href":"https:\/\/erdelyivakiskola.org\/hu\/wp-json\/wp\/v2\/comments?post=43"}],"version-history":[{"count":33,"href":"https:\/\/erdelyivakiskola.org\/hu\/wp-json\/wp\/v2\/pages\/43\/revisions"}],"predecessor-version":[{"id":3252,"href":"https:\/\/erdelyivakiskola.org\/hu\/wp-json\/wp\/v2\/pages\/43\/revisions\/3252"}],"wp:featuredmedia":[{"embeddable":true,"href":"https:\/\/erdelyivakiskola.org\/hu\/wp-json\/wp\/v2\/media\/17"}],"wp:attachment":[{"href":"https:\/\/erdelyivakiskola.org\/hu\/wp-json\/wp\/v2\/media?parent=43"}],"curies":[{"name":"wp","href":"https:\/\/api.w.org\/{rel}","templated":true}]}}