{"id":1805,"date":"2021-12-13T10:39:41","date_gmt":"2021-12-13T08:39:41","guid":{"rendered":"https:\/\/erdelyivakiskola.org\/?page_id=1805"},"modified":"2021-12-14T23:18:32","modified_gmt":"2021-12-14T21:18:32","slug":"learn-more-about-bidding","status":"publish","type":"page","link":"https:\/\/erdelyivakiskola.org\/hu\/learn-more-about-bidding\/","title":{"rendered":"Tudj meg t\u00f6bbet a licit\u00e1l\u00e1sr\u00f3l"},"content":{"rendered":"<p><b>Mi\u00e9rt kell a l\u00e1t\u00e1ss\u00e9r\u00fclteknek magyar tannyelv\u0171 oktat\u00e1si int\u00e9zm\u00e9ny? Mert nincs \u00e9s gyerekeinknek sz\u00fcks\u00e9ge van r\u00e1!<\/b><\/p>\n<p><b>Mi\u00e9rt kell rehabilit\u00e1ci\u00f3s k\u00f6zpont a l\u00e1t\u00e1ss\u00e9r\u00fclt feln\u0151tteknek? Mert nincs \u00e9s a l\u00e1t\u00e1ss\u00e9r\u00fclt feln\u0151tteknek sz\u00fcks\u00e9ge van r\u00e1!<\/b><\/p>\n<p>Az Erd\u00e9lyi Magyar L\u00e1t\u00e1ss\u00e9r\u00fcltek\u00e9rt Egyes\u00fclet m\u0171k\u00f6dteti az <a href=\"http:\/\/erdelyivakiskola.org\">erdelyivakiskola.org<\/a> weboldalt. Licittev\u00e9kenys\u00e9g\u00fcnk- mint ahogy minden m\u00e1s tev\u00e9kenys\u00e9g\u00fcnk is-, a magyar tannyelv\u0171, speci\u00e1lis oktat\u00e1si int\u00e9zm\u00e9ny<span class=\"Apple-converted-space\">\u00a0 <\/span>\u00e9s rehabilit\u00e1ci\u00f3s k\u00f6zpont miel\u0151bbi elind\u00edt\u00e1s\u00e1\u00e9rt folyik.<\/p>\n<p>Licitoldalunkra olyan egyedi, k\u00fcl\u00f6nleges t\u00e1rgyakat bocs\u00e1tunk a nagyk\u00f6z\u00f6ns\u00e9g el\u00e9, melyek aukci\u00f3s megv\u00e9tele ut\u00e1n gazdagabbnak \u00e9rezheti mag\u00e1t az \u00faj tulajdonos, ugyanakkor nagyban hozz\u00e1j\u00e1rul a magyar ajk\u00fa l\u00e1t\u00e1ss\u00e9r\u00fcltek oktat\u00e1s\u00e1hoz, t\u00e1rsadalomba val\u00f3 beilleszked\u00e9s\u00e9hez.<span class=\"Apple-converted-space\">\u00a0<\/span><\/p>\n<p>Regisztr\u00e1l\u00e1st k\u00f6vet\u0151en lehet r\u00e9szt venni az \u00e1rver\u00e9sen, a nyertes postai \u00faton kapja meg a megv\u00e1s\u00e1rolt t\u00e1rgyat. A kisz\u00e1ll\u00edt\u00e1s Rom\u00e1nia ter\u00fclet\u00e9n ingyenes, k\u00fclf\u00f6ldi c\u00edmre k\u00fcl\u00f6n egyeztet\u00e9ssel, esetleges postak\u00f6lts\u00e9g megt\u00e9r\u00edt\u00e9s\u00e9vel v\u00e1llaljuk a k\u00e9zbes\u00edt\u00e9st. <span class=\"Apple-converted-space\">\u00a0<\/span><\/p>\n<p>Term\u00e9kpalett\u00e1nk folyamatosan b\u0151v\u00fcl, t\u00e9rjen vissza gyakran hozz\u00e1nk!<\/p>\n<p>Sikeres licit\u00e1l\u00e1st!<\/p>","protected":false},"excerpt":{"rendered":"<p>Mi\u00e9rt kell a l\u00e1t\u00e1ss\u00e9r\u00fclteknek magyar tannyelv\u0171 oktat\u00e1si int\u00e9zm\u00e9ny? Mert nincs \u00e9s gyerekeinknek sz\u00fcks\u00e9ge van r\u00e1! Mi\u00e9rt kell rehabilit\u00e1ci\u00f3s k\u00f6zpont a l\u00e1t\u00e1ss\u00e9r\u00fclt feln\u0151tteknek? Mert nincs \u00e9s a l\u00e1t\u00e1ss\u00e9r\u00fclt feln\u0151tteknek sz\u00fcks\u00e9ge van r\u00e1! Az Erd\u00e9lyi Magyar L\u00e1t\u00e1ss\u00e9r\u00fcltek\u00e9rt Egyes\u00fclet m\u0171k\u00f6dteti az erdelyivakiskola.org weboldalt. Licittev\u00e9kenys\u00e9g\u00fcnk- mint ahogy minden m\u00e1s tev\u00e9kenys\u00e9g\u00fcnk is-, a magyar tannyelv\u0171, speci\u00e1lis oktat\u00e1si int\u00e9zm\u00e9ny\u00a0 \u00e9s rehabilit\u00e1ci\u00f3s [&hellip;]<\/p>\n","protected":false},"author":2,"featured_media":0,"parent":0,"menu_order":1,"comment_status":"closed","ping_status":"closed","template":"","meta":{"_acf_changed":false,"footnotes":""},"class_list":["post-1805","page","type-page","status-publish","hentry"],"acf":[],"_links":{"self":[{"href":"https:\/\/erdelyivakiskola.org\/hu\/wp-json\/wp\/v2\/pages\/1805","targetHints":{"allow":["GET"]}}],"collection":[{"href":"https:\/\/erdelyivakiskola.org\/hu\/wp-json\/wp\/v2\/pages"}],"about":[{"href":"https:\/\/erdelyivakiskola.org\/hu\/wp-json\/wp\/v2\/types\/page"}],"author":[{"embeddable":true,"href":"https:\/\/erdelyivakiskola.org\/hu\/wp-json\/wp\/v2\/users\/2"}],"replies":[{"embeddable":true,"href":"https:\/\/erdelyivakiskola.org\/hu\/wp-json\/wp\/v2\/comments?post=1805"}],"version-history":[{"count":2,"href":"https:\/\/erdelyivakiskola.org\/hu\/wp-json\/wp\/v2\/pages\/1805\/revisions"}],"predecessor-version":[{"id":1980,"href":"https:\/\/erdelyivakiskola.org\/hu\/wp-json\/wp\/v2\/pages\/1805\/revisions\/1980"}],"wp:attachment":[{"href":"https:\/\/erdelyivakiskola.org\/hu\/wp-json\/wp\/v2\/media?parent=1805"}],"curies":[{"name":"wp","href":"https:\/\/api.w.org\/{rel}","templated":true}]}}