{"id":1467,"date":"2021-06-28T15:02:45","date_gmt":"2021-06-28T13:02:45","guid":{"rendered":"https:\/\/erdelyivakiskola.org\/?page_id=1467"},"modified":"2021-10-26T08:56:03","modified_gmt":"2021-10-26T06:56:03","slug":"adomanydobozok","status":"publish","type":"page","link":"https:\/\/erdelyivakiskola.org\/hu\/adomanydobozok\/","title":{"rendered":"Adom\u00e1nydobozok helysz\u00ednei"},"content":{"rendered":"<p><\/p>\n<h4>Kihelyezett adom\u00e1nydobozainkat az al\u00e1bbi t\u00e9rk\u00e9pen tudj\u00e1k k\u00f6vetni. K\u00f6sz\u00f6nj\u00fck a felaj\u00e1nl\u00e1sokat!<\/h4>\n<p>[google_map_easy id=&#8221;1&#8243;]<\/p>\n<p>&nbsp;<\/p>\n<h4>Helysz\u00ednek:<\/h4>\n<p><strong>\u00c1rkos:<\/strong><\/p>\n<ul>\n<li>\u00c1rkosi Unit\u00e1rius Egyh\u00e1zk\u00f6zs\u00e9g<\/li>\n<\/ul>\n<p><strong>Brass\u00f3:<\/strong><\/p>\n<ul>\n<li>Old City Panzi\u00f3<\/li>\n<\/ul>\n<p><strong>Cs\u00edkszereda:<\/strong><\/p>\n<ul>\n<li>Magt\u00e1r<\/li>\n<li>Kulissza<\/li>\n<li>Pr\u00edma P\u00e9ks\u00e9g<\/li>\n<li>San Gennaro<\/li>\n<li><span data-sheets-value=\"{&quot;1&quot;:2,&quot;2&quot;:&quot;Merci Vir\u00e1g\u00fczlet&quot;}\" data-sheets-userformat=\"{&quot;2&quot;:513,&quot;3&quot;:{&quot;1&quot;:0},&quot;12&quot;:0}\">Merci Vir\u00e1g\u00fczlet<\/span><\/li>\n<\/ul>\n<p><strong>Cs\u00edkr\u00e1kos:<\/strong><\/p>\n<ul>\n<li>V\u00e1ndor Sz\u00e9kely Panzi\u00f3<\/li>\n<\/ul>\n<p><strong>Farkaslaka:<\/strong><\/p>\n<ul>\n<li>Kotyog\u00f3 B\u00e1r<\/li>\n<\/ul>\n<p><strong>Homorod:<\/strong><\/p>\n<ul>\n<li>Homorod \u00c9tterem<\/li>\n<\/ul>\n<p><strong>Kolozsv\u00e1r:<\/strong><\/p>\n<ul>\n<li>Sapientia<\/li>\n<\/ul>\n<p><strong>Koronka:<\/strong><\/p>\n<ul>\n<li>FAN Courier<\/li>\n<\/ul>\n<p><strong>L\u00f6v\u00e9te:<\/strong><\/p>\n<ul>\n<li>L\u0151v\u00e9tei Horg\u00e1szt\u00f3<\/li>\n<\/ul>\n<p><strong>Parajd:<\/strong><\/p>\n<ul>\n<li>Elem\u00f3zsia Burger Bar<\/li>\n<\/ul>\n<p><strong>Sepsib\u00fcksz\u00e1d:<\/strong><\/p>\n<ul>\n<li>Cs\u00edki Hat\u00e1r Panzi\u00f3<\/li>\n<\/ul>\n<p><strong>Sz\u00e9kelyudvarhely:<\/strong><\/p>\n<ul>\n<li>Vekker K\u00e1v\u00e9k\u00f6z\u00f6ss\u00e9g &#8211; Pet\u0151fi utca<\/li>\n<li>Vekker K\u00e1v\u00e9k\u00f6z\u00f6ss\u00e9g &#8211; Merk\u00far<\/li>\n<li>Amigo &amp; Intercost<\/li>\n<li>Kolibri \u00fczletek &#8211; Gy\u0151zelem utca 14, 16, 43; Szent Imre utca 32<\/li>\n<li>Szombatfalvi Reform\u00e1tus Templom \u00e9s Lelk\u00e9szi Hivatal<\/li>\n<\/ul>\n<p><strong>Szentegyh\u00e1za:<\/strong><\/p>\n<ul>\n<li>Sz\u00e9passzony Panzi\u00f3<\/li>\n<\/ul>\n<p><\/p>","protected":false},"excerpt":{"rendered":"<p>Kihelyezett adom\u00e1nydobozainkat az al\u00e1bbi t\u00e9rk\u00e9pen tudj\u00e1k k\u00f6vetni. K\u00f6sz\u00f6nj\u00fck a felaj\u00e1nl\u00e1sokat! [google_map_easy id=&#8221;1&#8243;] &nbsp; Helysz\u00ednek: \u00c1rkos: \u00c1rkosi Unit\u00e1rius Egyh\u00e1zk\u00f6zs\u00e9g Brass\u00f3: Old City Panzi\u00f3 Cs\u00edkszereda: Magt\u00e1r Kulissza Pr\u00edma P\u00e9ks\u00e9g San Gennaro Merci Vir\u00e1g\u00fczlet Cs\u00edkr\u00e1kos: V\u00e1ndor Sz\u00e9kely Panzi\u00f3 Farkaslaka: Kotyog\u00f3 B\u00e1r Homorod: Homorod \u00c9tterem Kolozsv\u00e1r: Sapientia Koronka: FAN Courier L\u00f6v\u00e9te: L\u0151v\u00e9tei Horg\u00e1szt\u00f3 Parajd: Elem\u00f3zsia Burger Bar Sepsib\u00fcksz\u00e1d: Cs\u00edki [&hellip;]<\/p>\n","protected":false},"author":2,"featured_media":0,"parent":0,"menu_order":10,"comment_status":"closed","ping_status":"closed","template":"","meta":{"_acf_changed":false,"footnotes":""},"class_list":["post-1467","page","type-page","status-publish","hentry"],"acf":[],"_links":{"self":[{"href":"https:\/\/erdelyivakiskola.org\/hu\/wp-json\/wp\/v2\/pages\/1467","targetHints":{"allow":["GET"]}}],"collection":[{"href":"https:\/\/erdelyivakiskola.org\/hu\/wp-json\/wp\/v2\/pages"}],"about":[{"href":"https:\/\/erdelyivakiskola.org\/hu\/wp-json\/wp\/v2\/types\/page"}],"author":[{"embeddable":true,"href":"https:\/\/erdelyivakiskola.org\/hu\/wp-json\/wp\/v2\/users\/2"}],"replies":[{"embeddable":true,"href":"https:\/\/erdelyivakiskola.org\/hu\/wp-json\/wp\/v2\/comments?post=1467"}],"version-history":[{"count":14,"href":"https:\/\/erdelyivakiskola.org\/hu\/wp-json\/wp\/v2\/pages\/1467\/revisions"}],"predecessor-version":[{"id":1710,"href":"https:\/\/erdelyivakiskola.org\/hu\/wp-json\/wp\/v2\/pages\/1467\/revisions\/1710"}],"wp:attachment":[{"href":"https:\/\/erdelyivakiskola.org\/hu\/wp-json\/wp\/v2\/media?parent=1467"}],"curies":[{"name":"wp","href":"https:\/\/api.w.org\/{rel}","templated":true}]}}