{"id":1332,"date":"2021-03-23T08:37:20","date_gmt":"2021-03-23T06:37:20","guid":{"rendered":"https:\/\/erdelyivakiskola.org\/?page_id=1332"},"modified":"2021-03-30T16:39:48","modified_gmt":"2021-03-30T14:39:48","slug":"tamogass","status":"publish","type":"page","link":"https:\/\/erdelyivakiskola.org\/hu\/tamogass\/","title":{"rendered":"10 ok, hogy mi\u00e9rt t\u00e1mogass"},"content":{"rendered":"<p>Ha \u00fagy \u00e9rzed, hogy t\u00e9ged m\u00e1r nem kell meggy\u0151zn\u00fcnk, akkor <strong><a href=\"https:\/\/erdelyivakiskola.org\/hu\/donations\/\">ITT<\/a><\/strong> t\u00e1mogathatsz.<\/p>\n<p>Ha pedig egy kicsit m\u00e9g ut\u00e1nunk olvasn\u00e1l, akkor \u00edme, erre gondoltunk:<\/p>\n<ol>\n<li><strong>Mert ez a norm\u00e1lis<\/strong>. \u00c1ltal\u00e1nos emberi viselked\u00e9sforma a seg\u00edts\u00e9gny\u00fajt\u00e1s. M\u00e1r eg\u00e9szen kis csecsem\u0151 korban v\u00e9gzett k\u00eds\u00e9rletek bizony\u00edtj\u00e1k, hogy a csecsem\u0151 minden esetben a h\u00e1tr\u00e1nyban lev\u0151 figur\u00e1kat igyekszik seg\u00edteni. Teh\u00e1t \u00e9rzelmi, mor\u00e1lis, t\u00e1rsadalmi \u00e9rt\u00e9ke van a seg\u00edts\u00e9gny\u00fajt\u00e1snak.<\/li>\n<li><strong>Mert trendi.<\/strong> Bizony az, trendinek lenni mindig kifizet\u0151t\u0151. Min\u00e9l t\u00f6bben tudnak arr\u00f3l, hogy j\u00f3fej vagy, ann\u00e1l jobb.<\/li>\n<li><strong>Mert megteheted<\/strong>. B\u00e1rki, b\u00e1rmikor, b\u00e1rhol, b\u00e1rmilyen helyzetben le tud mondani egy bizonyos \u00f6sszegr\u0151l. Te is. \u00c9s meg fogod l\u00e1tni, hogy semmilyen h\u00e1tr\u00e1nyod nem fog sz\u00e1rmazni bel\u0151le. A p\u00e9nz csak egy eszk\u00f6z, \u00e9s<strong> te d\u00f6nt\u00f6d el<\/strong>, hogy mikor minek legyen az eszk\u00f6ze. L\u00e9gy norm\u00e1lis, l\u00e9gy trendi, \u00e9s mond el mindenkinek!<\/li>\n<li>Mert <strong>j\u00f3 \u00e9rz\u00e9s<\/strong> seg\u00edteni. A seg\u00edts\u00e9gny\u00fajt\u00e1s endorfin hormonokat szabad\u00edt fel, j\u00f3l fogod \u00e9rezni magad t\u0151le. Legal\u00e1bb annyira m\u00e9ly \u00e9s \u00e1ltal\u00e1nos emberi \u00f6szt\u00f6n, mint az \u00f6n \u00e9s fajfenntart\u00e1s \u00f6szt\u00f6ne. Adom\u00e1nyozz, \u00e9s \u00e9rezd j\u00f3l magad!<\/li>\n<li><strong>Mert itt \u00e9s most csak te seg\u00edthetsz<\/strong>. Ha azt mondod, hogy nem seg\u00edtek, majd m\u00e1s megteszi, t\u00e9vedsz. M\u00e1s is ezt mondja. De a pozit\u00edv p\u00e9lda nemcsak norm\u00e1lis, trendi, hanem ragad\u00f3s is. Min\u00e9l t\u00f6bben adom\u00e1nyoznak, ann\u00e1l t\u00f6bben fognak adom\u00e1nyozni. Min\u00e9l t\u00f6bben \u00e1llnak egy \u00fcgy mell\u00e9, ann\u00e1l t\u00f6bben fognak felfigyelni r\u00e1 \u00e9s ann\u00e1l t\u00f6bben akarnak a seg\u00edt\u0151k k\u00f6z\u00f6ss\u00e9g\u00e9hez tartozni. \u00cdgy m\u0171k\u00f6d\u00fcnk mi emberek. <strong>Adom\u00e1nyozz most, hogy holnap a bar\u00e1taid is adom\u00e1nyozzanak. <\/strong>Ez is k\u00f6z\u00f6ss\u00e9gform\u00e1l\u00f3 t\u00e9nyez\u0151, sokkal er\u0151sebb, mint gondoln\u00e1nk!<\/li>\n<li><strong>Mert es\u00e9lyt adsz<\/strong>. Adj es\u00e9lyt, hogy m\u00e1s is norm\u00e1lis \u00e9letet \u00e9lhessen. \u00c9s mond el a bar\u00e1taidnak, mert \u0151k is seg\u00edthetnek itt \u00e9s most, \u00e9s \u0151k is j\u00f3l fogj\u00e1k \u00e9rezni magukat.<\/li>\n<li><strong>Tedd jobb\u00e1 a vil\u00e1got, v\u00e1llalj felel\u0151ss\u00e9get! <\/strong>Az adom\u00e1nyod nem t\u0171nik el egy feneketlen k\u00fatban, egyszer\u0171en befekteted a j\u00f6v\u0151be. Jobb\u00e1 v\u00e1lik t\u0151le a vil\u00e1g. <strong>Ez a te felel\u0151ss\u00e9ged is<\/strong>.<\/li>\n<li><strong>Mert fontos<\/strong>, \u00e9s \u00fagy tudsz nagyon fontos \u00e9s felel\u0151ss\u00e9gteljes tettet v\u00e9grehajtani, hogy nem is kell kil\u00e9pned a komfortz\u00f3n\u00e1db\u00f3l. Az adom\u00e1nyoz\u00e1s technikailag csak egy p\u00e1r percet vesz ig\u00e9nybe, \u00e9s egy olyan felel\u0151ss\u00e9gteljes d\u00f6nt\u00e9st hozhatsz, amivel es\u00e9lyt adsz m\u00e1snak egy k\u00f6nnyebb \u00e9lethez, amit\u0151l garant\u00e1ltan j\u00f3l \u00e9rzed magad, \u00e9s amit\u0151l jobb\u00e1 v\u00e1lik a vil\u00e1g. Kell enn\u00e9l t\u00f6bb? \u00dagy-e, hogy nem?<\/li>\n<li><strong>Mert nemes \u00fcgy<\/strong>. Nem mindenkinek adatik meg, hogy egy nemes \u00fcgyet t\u00e1mogathasson. Te azzal, hogy saj\u00e1t d\u00f6nt\u00e9sed \u00e9s felel\u0151ss\u00e9ged alapj\u00e1n jobb\u00e1 teszed a vil\u00e1got, es\u00e9lyt adsz gyerekeknek itt \u00e9s most, hogy norm\u00e1lis \u00e9letet \u00e9lhessenek, <strong>k\u00fcl\u00f6nlegess\u00e9<\/strong> v\u00e1lsz. M\u00e1s leszel, mint a t\u00f6bbiek, hiszen mindezeket megtetted, \u00e9s m\u00e9g j\u00f3l is \u00e9rzed magad miatta.<\/li>\n<li><strong>Mert elolvastad \u00e9s elfogadod az el\u0151z\u0151 9 okot \u00e9s cselekedni akarsz.<\/strong> Arra b\u00e1tor\u00edtunk, hogy kattints a\u00a0 \u201c<a href=\"https:\/\/erdelyivakiskola.org\/hu\/donations\/\"><strong>T\u00e1mogat\u00e1s<\/strong><\/a>\u201d men\u00fcre, utal\u00e1s ut\u00e1n pedig oszd meg a \u201c<strong>Megosztom<\/strong>\u201d gombbal, hogy bar\u00e1taid is seg\u00edteni tudjanak.<\/li>\n<\/ol>\n<p>K\u00f6sz\u00f6nj\u00fck!<\/p>","protected":false},"excerpt":{"rendered":"<p>Ha \u00fagy \u00e9rzed, hogy t\u00e9ged m\u00e1r nem kell meggy\u0151zn\u00fcnk, akkor ITT t\u00e1mogathatsz. Ha pedig egy kicsit m\u00e9g ut\u00e1nunk olvasn\u00e1l, akkor \u00edme, erre gondoltunk: Mert ez a norm\u00e1lis. \u00c1ltal\u00e1nos emberi viselked\u00e9sforma a seg\u00edts\u00e9gny\u00fajt\u00e1s. M\u00e1r eg\u00e9szen kis csecsem\u0151 korban v\u00e9gzett k\u00eds\u00e9rletek bizony\u00edtj\u00e1k, hogy a csecsem\u0151 minden esetben a h\u00e1tr\u00e1nyban lev\u0151 figur\u00e1kat igyekszik seg\u00edteni. Teh\u00e1t \u00e9rzelmi, mor\u00e1lis, t\u00e1rsadalmi [&hellip;]<\/p>\n","protected":false},"author":2,"featured_media":0,"parent":0,"menu_order":12,"comment_status":"closed","ping_status":"closed","template":"","meta":{"_acf_changed":false,"footnotes":""},"class_list":["post-1332","page","type-page","status-publish","hentry"],"acf":[],"_links":{"self":[{"href":"https:\/\/erdelyivakiskola.org\/hu\/wp-json\/wp\/v2\/pages\/1332","targetHints":{"allow":["GET"]}}],"collection":[{"href":"https:\/\/erdelyivakiskola.org\/hu\/wp-json\/wp\/v2\/pages"}],"about":[{"href":"https:\/\/erdelyivakiskola.org\/hu\/wp-json\/wp\/v2\/types\/page"}],"author":[{"embeddable":true,"href":"https:\/\/erdelyivakiskola.org\/hu\/wp-json\/wp\/v2\/users\/2"}],"replies":[{"embeddable":true,"href":"https:\/\/erdelyivakiskola.org\/hu\/wp-json\/wp\/v2\/comments?post=1332"}],"version-history":[{"count":7,"href":"https:\/\/erdelyivakiskola.org\/hu\/wp-json\/wp\/v2\/pages\/1332\/revisions"}],"predecessor-version":[{"id":1365,"href":"https:\/\/erdelyivakiskola.org\/hu\/wp-json\/wp\/v2\/pages\/1332\/revisions\/1365"}],"wp:attachment":[{"href":"https:\/\/erdelyivakiskola.org\/hu\/wp-json\/wp\/v2\/media?parent=1332"}],"curies":[{"name":"wp","href":"https:\/\/api.w.org\/{rel}","templated":true}]}}